{"id":1530,"date":"2015-09-13T17:32:12","date_gmt":"2015-09-13T17:32:12","guid":{"rendered":"http:\/\/www.gqualcampaign.org\/old\/?page_id=1530"},"modified":"2015-09-13T17:59:02","modified_gmt":"2015-09-13T17:59:02","slug":"la-declaracion-gqual","status":"publish","type":"page","link":"https:\/\/www.gqualcampaign.org\/old\/la-declaracion-gqual\/","title":{"rendered":"La Declaraci\u00f3n GQUAL"},"content":{"rendered":"<h1>La Declaraci\u00f3n GQUAL<\/h1>\n<p style=\"text-align: justify;\"><a href=\"http:\/\/www.gqualcampaign.org\/old\/wp-content\/uploads\/2015\/09\/MEETING-KITx2-page-008.jpg\" target=\"_blank\"><img decoding=\"async\" loading=\"lazy\" class=\"alignleft wp-image-1550\" src=\"http:\/\/www.gqualcampaign.org\/old\/wp-content\/uploads\/2015\/09\/MEETING-KITx2-page-008.jpg\" alt=\"MEETING KITx2-page-008\" width=\"397\" height=\"514\" srcset=\"https:\/\/www.gqualcampaign.org\/old\/wp-content\/uploads\/2015\/09\/MEETING-KITx2-page-008.jpg 1275w, https:\/\/www.gqualcampaign.org\/old\/wp-content\/uploads\/2015\/09\/MEETING-KITx2-page-008-232x300.jpg 232w, https:\/\/www.gqualcampaign.org\/old\/wp-content\/uploads\/2015\/09\/MEETING-KITx2-page-008-791x1024.jpg 791w\" sizes=\"(max-width: 397px) 100vw, 397px\" \/><\/a> <a href=\"http:\/\/www.gqualcampaign.org\/old\/wp-content\/uploads\/2015\/09\/MEETING-KITx2-page-009.jpg\" target=\"_blank\"><img decoding=\"async\" loading=\"lazy\" class=\"aligncenter wp-image-1551\" src=\"http:\/\/www.gqualcampaign.org\/old\/wp-content\/uploads\/2015\/09\/MEETING-KITx2-page-009.jpg\" alt=\"MEETING KITx2-page-009\" width=\"424\" height=\"549\" srcset=\"https:\/\/www.gqualcampaign.org\/old\/wp-content\/uploads\/2015\/09\/MEETING-KITx2-page-009.jpg 1275w, https:\/\/www.gqualcampaign.org\/old\/wp-content\/uploads\/2015\/09\/MEETING-KITx2-page-009-232x300.jpg 232w, https:\/\/www.gqualcampaign.org\/old\/wp-content\/uploads\/2015\/09\/MEETING-KITx2-page-009-791x1024.jpg 791w\" sizes=\"(max-width: 424px) 100vw, 424px\" \/><\/a><\/p>\n<p style=\"text-align: justify;\">M\u00e1s de 650 mujeres y hombres han firmado este documento que establece las estrategias y los objetivos prioritarios de GQUAL.<\/p>\n<p style=\"text-align: justify;\">Mediante esta declaraci\u00f3n, pedimos a los gobiernos que nominen y voten con el objetivo de promover la paridad de g\u00e9nero en los tribunales y organismos internacionales. Tambi\u00e9n le pedimos a los Estados , organizaciones y organ\u00edsmos internacionales que desarrollen y establezcan mecanismos, directrices y pautas que promuevan una representaci\u00f3n igualitaria de las mujeres en estos cargos.<\/p>\n<p style=\"text-align: justify;\">Te invitamos a firmar nuestra declaraci\u00f3n y compartir y compartas esta campa\u00f1a con tus redes.<\/p>\n","protected":false},"excerpt":{"rendered":"<p>La Declaraci\u00f3n GQUAL M\u00e1s de 650 mujeres y hombres han firmado este documento que establece&#8230;<\/p>\n","protected":false},"author":1,"featured_media":0,"parent":0,"menu_order":0,"comment_status":"closed","ping_status":"closed","template":"","meta":[],"_links":{"self":[{"href":"https:\/\/www.gqualcampaign.org\/old\/wp-json\/wp\/v2\/pages\/1530"}],"collection":[{"href":"https:\/\/www.gqualcampaign.org\/old\/wp-json\/wp\/v2\/pages"}],"about":[{"href":"https:\/\/www.gqualcampaign.org\/old\/wp-json\/wp\/v2\/types\/page"}],"author":[{"embeddable":true,"href":"https:\/\/www.gqualcampaign.org\/old\/wp-json\/wp\/v2\/users\/1"}],"replies":[{"embeddable":true,"href":"https:\/\/www.gqualcampaign.org\/old\/wp-json\/wp\/v2\/comments?post=1530"}],"version-history":[{"count":3,"href":"https:\/\/www.gqualcampaign.org\/old\/wp-json\/wp\/v2\/pages\/1530\/revisions"}],"predecessor-version":[{"id":1555,"href":"https:\/\/www.gqualcampaign.org\/old\/wp-json\/wp\/v2\/pages\/1530\/revisions\/1555"}],"wp:attachment":[{"href":"https:\/\/www.gqualcampaign.org\/old\/wp-json\/wp\/v2\/media?parent=1530"}],"curies":[{"name":"wp","href":"https:\/\/api.w.org\/{rel}","templated":true}]}}