{"id":5620,"date":"2018-10-24T09:34:12","date_gmt":"2018-10-24T09:34:12","guid":{"rendered":"http:\/\/onetwo.themerella.com\/?page_id=5620"},"modified":"2018-10-24T09:34:12","modified_gmt":"2018-10-24T09:34:12","slug":"blog-classic","status":"publish","type":"page","link":"https:\/\/www.gqualcampaign.org\/old\/blog-classic\/","title":{"rendered":"Classic"},"content":{"rendered":"<section class=\"wpb-content-wrapper\"><p>[vc_row][vc_column]<style>.ld_spacer_69fe2dd2b2b57{height:80px;}<\/style>\n<div class=\"ld-empty-space ld_spacer_69fe2dd2b2b57\"><span class=\"liquid_empty_space_inner\"><\/span><\/div><style>.ld_blog_69fe2dd2b2cc8 .liquid-blog-grid{margin-left:-28px;margin-right:-28px;}.ld_blog_69fe2dd2b2cc8 .liquid-blog-grid > div{padding-left:28px;padding-right:28px;}.ld_blog_69fe2dd2b2cc8 .liquid-blog-grid .liquid-lp{margin-bottom:70px;}.ld_blog_69fe2dd2b2cc8 .filter-list{margin-bottom:px;}.ld_blog_69fe2dd2b2cc8 .liquid-blog-item .liquid-lp-title,.ld_blog_69fe2dd2b2cc8 .liquid-lp .liquid-lp-title{font-size:19px;font-weight:1.5em!important;margin-top:px;margin-bottom:20px;}<\/style><div data-filter-id=\"ld-1540373550291-c9a2a47c-1c58\" class=\"liquid-blog-posts ld_blog_69fe2dd2b2cc8 ld-1540373550291-9b25b10b-a3f9 \" data-post-per-page=\"12\"><div class=\"liquid-blog-grid row\"><div class=\"col-md-3\"><article id=\"post-9759\" class=\"liquid-lp post-9759 post type-post status-publish format-standard hentry category-blog category-news category-resources\"><header class=\"liquid-lp-header\">\n\t<h2 class=\"entry-title liquid-lp-title h4\"><a  href=\"https:\/\/www.gqualcampaign.org\/old\/launching-the-gqual-rankings-2023\/\" rel=\"bookmark\">LAUNCHING THE GQUAL RANKINGS 2023<\/a><\/h2><\/header>\n\n\t\t\t<div class=\"liquid-lp-excerpt entry-summary mt-1\">\n\t\t\t\t<p>We at GQUAL believe that data production is essential to understanding the picture<\/p>\n\t\t\t<\/div><!-- \/.latest-post-excerpt -->\n\t\t\n<footer class=\"liquid-lp-footer\">\n\t<a href=\"https:\/\/www.gqualcampaign.org\/old\/launching-the-gqual-rankings-2023\/\" class=\"btn font-weight-bold btn-naked liquid-lp-read-more\">\n\t\t<span>\n\t\t\t<span class=\"btn-txt\">Read more<\/span>\n\t\t\t<span class=\"btn-icon\">\n\t\t\t\t<i class=\"fa fa-angle-right\"><\/i>\n\t\t\t<\/span>\n\t\t<\/span>\n\t<\/a>\n<\/footer>\n<\/article><\/div><div class=\"col-md-3\"><article id=\"post-9726\" class=\"liquid-lp post-9726 post type-post status-publish format-standard hentry category-blog category-news category-noticias category-resources\"><header class=\"liquid-lp-header\">\n\t<h2 class=\"entry-title liquid-lp-title h4\"><a  href=\"https:\/\/www.gqualcampaign.org\/old\/launching-the-2023-gqual-rankings\/\" rel=\"bookmark\">LAUNCHING THE 2023 GQUAL RANKINGS<\/a><\/h2><\/header>\n\n\t\t\t<div class=\"liquid-lp-excerpt entry-summary mt-1\">\n\t\t\t\t<p>GQUAL GLOBAL RANKING 2023 GQUAL REGIONAL RANKING 2023 GQUAL OAS RANKING<\/p>\n\t\t\t<\/div><!-- \/.latest-post-excerpt -->\n\t\t\n<footer class=\"liquid-lp-footer\">\n\t<a href=\"https:\/\/www.gqualcampaign.org\/old\/launching-the-2023-gqual-rankings\/\" class=\"btn font-weight-bold btn-naked liquid-lp-read-more\">\n\t\t<span>\n\t\t\t<span class=\"btn-txt\">Read more<\/span>\n\t\t\t<span class=\"btn-icon\">\n\t\t\t\t<i class=\"fa fa-angle-right\"><\/i>\n\t\t\t<\/span>\n\t\t<\/span>\n\t<\/a>\n<\/footer>\n<\/article><\/div><div class=\"col-md-3\"><article id=\"post-9703\" class=\"liquid-lp post-9703 post type-post status-publish format-standard hentry category-blog category-news category-noticias\"><header class=\"liquid-lp-header\">\n\t<h2 class=\"entry-title liquid-lp-title h4\"><a  href=\"https:\/\/www.gqualcampaign.org\/old\/gqual-rankings-2023\/\" rel=\"bookmark\">LANZAMIENTO DE LOS GQUAL RANKINGS 2023<\/a><\/h2><\/header>\n\n\t\t\t<div class=\"liquid-lp-excerpt entry-summary mt-1\">\n\t\t\t\t<p>Desde GQUAL creemos que la producci\u00f3n de datos es esencial para entender qu\u00e9<\/p>\n\t\t\t<\/div><!-- \/.latest-post-excerpt -->\n\t\t\n<footer class=\"liquid-lp-footer\">\n\t<a href=\"https:\/\/www.gqualcampaign.org\/old\/gqual-rankings-2023\/\" class=\"btn font-weight-bold btn-naked liquid-lp-read-more\">\n\t\t<span>\n\t\t\t<span class=\"btn-txt\">Read more<\/span>\n\t\t\t<span class=\"btn-icon\">\n\t\t\t\t<i class=\"fa fa-angle-right\"><\/i>\n\t\t\t<\/span>\n\t\t<\/span>\n\t<\/a>\n<\/footer>\n<\/article><\/div><div class=\"col-md-3\"><article id=\"post-9709\" class=\"liquid-lp post-9709 post type-post status-publish format-standard hentry category-blog category-news category-resources\"><header class=\"liquid-lp-header\">\n\t<h2 class=\"entry-title liquid-lp-title h4\"><a  href=\"https:\/\/www.gqualcampaign.org\/old\/gqual-global-ranking-2023\/\" rel=\"bookmark\">PRESENTACI\u00d3N DE LOS  GQUAL RANKINGS 2023<\/a><\/h2><\/header>\n\n\t\t\t<div class=\"liquid-lp-excerpt entry-summary mt-1\">\n\t\t\t\t<p>GQUAL RANKING GLOBAL 2023 GQUAL RANKING REGIONAL 2023 GQUAL RANKING OEA<\/p>\n\t\t\t<\/div><!-- \/.latest-post-excerpt -->\n\t\t\n<footer class=\"liquid-lp-footer\">\n\t<a href=\"https:\/\/www.gqualcampaign.org\/old\/gqual-global-ranking-2023\/\" class=\"btn font-weight-bold btn-naked liquid-lp-read-more\">\n\t\t<span>\n\t\t\t<span class=\"btn-txt\">Read more<\/span>\n\t\t\t<span class=\"btn-icon\">\n\t\t\t\t<i class=\"fa fa-angle-right\"><\/i>\n\t\t\t<\/span>\n\t\t<\/span>\n\t<\/a>\n<\/footer>\n<\/article><\/div><div class=\"col-md-3\"><article id=\"post-9686\" class=\"liquid-lp post-9686 post type-post status-publish format-standard hentry category-blog category-news tag-calltoaction\"><header class=\"liquid-lp-header\">\n\t<h2 class=\"entry-title liquid-lp-title h4\"><a  href=\"https:\/\/www.gqualcampaign.org\/old\/gqual-campaign-and-giescr-call-on-states-parties-to-de-icescr-and-the-ecosoc-to-ensure-gender-parity-in-the-nomination-and-election-process-of-member-of-the-un-committee-on-economic-social-and-cultur\/\" rel=\"bookmark\">GQUAL CAMPAIGN AND GI-ESCR CALL ON STATES PARTIES TO THE ICESCR AND THE ECOSOC TO ENSURE GENDER PARITY IN THE NOMINATION AND ELECTION PROCESS OF MEMBER OF THE UN COMMITTEE ON ECONOMIC, SOCIAL AND CULTURAL RIGHTS<\/a><\/h2><\/header>\n\n\t\t\t<div class=\"liquid-lp-excerpt entry-summary mt-1\">\n\t\t\t\t<p>On April 9, 2024, the UN Economic and Social Council (ECOSOC) will elect<\/p>\n\t\t\t<\/div><!-- \/.latest-post-excerpt -->\n\t\t\n<footer class=\"liquid-lp-footer\">\n\t<a href=\"https:\/\/www.gqualcampaign.org\/old\/gqual-campaign-and-giescr-call-on-states-parties-to-de-icescr-and-the-ecosoc-to-ensure-gender-parity-in-the-nomination-and-election-process-of-member-of-the-un-committee-on-economic-social-and-cultur\/\" class=\"btn font-weight-bold btn-naked liquid-lp-read-more\">\n\t\t<span>\n\t\t\t<span class=\"btn-txt\">Read more<\/span>\n\t\t\t<span class=\"btn-icon\">\n\t\t\t\t<i class=\"fa fa-angle-right\"><\/i>\n\t\t\t<\/span>\n\t\t<\/span>\n\t<\/a>\n<\/footer>\n<\/article><\/div><div class=\"col-md-3\"><article id=\"post-9675\" class=\"liquid-lp post-9675 post type-post status-publish format-standard hentry category-blog category-news\"><header class=\"liquid-lp-header\">\n\t<h2 class=\"entry-title liquid-lp-title h4\"><a  href=\"https:\/\/www.gqualcampaign.org\/old\/upcoming-elections-un-committee-on-social-economic-and-cultural-rights\/\" rel=\"bookmark\">Upcoming elections! UN Committee on Social, Economic, and Cultural Rights<\/a><\/h2><\/header>\n\n\t\t\t<div class=\"liquid-lp-excerpt entry-summary mt-1\">\n\t\t\t\t<p>On April 9 2024 States Parties to the International Covenant on Social, Economic,<\/p>\n\t\t\t<\/div><!-- \/.latest-post-excerpt -->\n\t\t\n<footer class=\"liquid-lp-footer\">\n\t<a href=\"https:\/\/www.gqualcampaign.org\/old\/upcoming-elections-un-committee-on-social-economic-and-cultural-rights\/\" class=\"btn font-weight-bold btn-naked liquid-lp-read-more\">\n\t\t<span>\n\t\t\t<span class=\"btn-txt\">Read more<\/span>\n\t\t\t<span class=\"btn-icon\">\n\t\t\t\t<i class=\"fa fa-angle-right\"><\/i>\n\t\t\t<\/span>\n\t\t<\/span>\n\t<\/a>\n<\/footer>\n<\/article><\/div><div class=\"col-md-3\"><article id=\"post-9646\" class=\"liquid-lp post-9646 post type-post status-publish format-standard has-post-thumbnail hentry category-blog category-news\"><figure class=\"liquid-lp-media \"  data-responsive-bg=\"true\" data-parallax=\"true\" data-parallax-options='{ \"parallaxBG\": true }'><a  href=\"https:\/\/www.gqualcampaign.org\/old\/consulta-de-personas-expertas-perspectivas-sobre-el-futuro-de-la-cedaw-gr-no-40\/\"><img width=\"740\" height=\"460\" src=\"data:image\/svg+xml;charset=utf-8,&lt;svg xmlns%3D&#039;http%3A%2F%2Fwww.w3.org%2F2000%2Fsvg&#039; viewBox%3D&#039;0 0 740 460&#039;%2F&gt;\" class=\"attachment-liquid-default-blog size-liquid-default-blog ld-lazyload wp-post-image\" alt=\"\" decoding=\"async\" loading=\"lazy\" data-src=\"https:\/\/www.gqualcampaign.org\/old\/wp-content\/uploads\/2023\/09\/IMG_8331-740x460.jpg\" data-aspect=\"1.6086956521739\" srcset=\"\" \/><\/a><\/figure><header class=\"liquid-lp-header\">\n\t<h2 class=\"entry-title liquid-lp-title h4\"><a  href=\"https:\/\/www.gqualcampaign.org\/old\/consulta-de-personas-expertas-perspectivas-sobre-el-futuro-de-la-cedaw-gr-no-40\/\" rel=\"bookmark\">Consulta de expertas: Perspectivas sobre la futura Recomendaci\u00f3n General N\u00ba 40 del Comit\u00e9 CEDAW de Naciones Unidas.<\/a><\/h2><\/header>\n\n\t\t\t<div class=\"liquid-lp-excerpt entry-summary mt-1\">\n\t\t\t\t<p>La semana pasada la Campa\u00f1a GQUAL organiz\u00f3 una consulta tem\u00e1tica de expertas en<\/p>\n\t\t\t<\/div><!-- \/.latest-post-excerpt -->\n\t\t\n<footer class=\"liquid-lp-footer\">\n\t<a href=\"https:\/\/www.gqualcampaign.org\/old\/consulta-de-personas-expertas-perspectivas-sobre-el-futuro-de-la-cedaw-gr-no-40\/\" class=\"btn font-weight-bold btn-naked liquid-lp-read-more\">\n\t\t<span>\n\t\t\t<span class=\"btn-txt\">Read more<\/span>\n\t\t\t<span class=\"btn-icon\">\n\t\t\t\t<i class=\"fa fa-angle-right\"><\/i>\n\t\t\t<\/span>\n\t\t<\/span>\n\t<\/a>\n<\/footer>\n<\/article><\/div><div class=\"col-md-3\"><article id=\"post-9596\" class=\"liquid-lp post-9596 post type-post status-publish format-standard has-post-thumbnail hentry category-blog category-news tag-cedaw tag-genderequality\"><figure class=\"liquid-lp-media \"  data-responsive-bg=\"true\" data-parallax=\"true\" data-parallax-options='{ \"parallaxBG\": true }'><a  href=\"https:\/\/www.gqualcampaign.org\/old\/expert-consultation-perspectives-on-cedaws-future-gr-no-40\/\"><img width=\"740\" height=\"460\" src=\"data:image\/svg+xml;charset=utf-8,&lt;svg xmlns%3D&#039;http%3A%2F%2Fwww.w3.org%2F2000%2Fsvg&#039; viewBox%3D&#039;0 0 740 460&#039;%2F&gt;\" class=\"attachment-liquid-default-blog size-liquid-default-blog ld-lazyload wp-post-image\" alt=\"\" decoding=\"async\" loading=\"lazy\" data-src=\"https:\/\/www.gqualcampaign.org\/old\/wp-content\/uploads\/2023\/09\/IMG_8331-740x460.jpg\" data-aspect=\"1.6086956521739\" srcset=\"\" \/><\/a><\/figure><header class=\"liquid-lp-header\">\n\t<h2 class=\"entry-title liquid-lp-title h4\"><a  href=\"https:\/\/www.gqualcampaign.org\/old\/expert-consultation-perspectives-on-cedaws-future-gr-no-40\/\" rel=\"bookmark\">Expert consultation: Perspectives on CEDAW\u00b4s  future General Recomendation No 40<\/a><\/h2><\/header>\n\n\t\t\t<div class=\"liquid-lp-excerpt entry-summary mt-1\">\n\t\t\t\t<p>This week, the GQUAL Campaign hosted a thematic expert consultation at the American<\/p>\n\t\t\t<\/div><!-- \/.latest-post-excerpt -->\n\t\t\n<footer class=\"liquid-lp-footer\">\n\t<a href=\"https:\/\/www.gqualcampaign.org\/old\/expert-consultation-perspectives-on-cedaws-future-gr-no-40\/\" class=\"btn font-weight-bold btn-naked liquid-lp-read-more\">\n\t\t<span>\n\t\t\t<span class=\"btn-txt\">Read more<\/span>\n\t\t\t<span class=\"btn-icon\">\n\t\t\t\t<i class=\"fa fa-angle-right\"><\/i>\n\t\t\t<\/span>\n\t\t<\/span>\n\t<\/a>\n<\/footer>\n<\/article><\/div><div class=\"col-md-3\"><article id=\"post-9583\" class=\"liquid-lp post-9583 post type-post status-publish format-standard hentry category-resources\"><header class=\"liquid-lp-header\">\n\t<h2 class=\"entry-title liquid-lp-title h4\"><a  href=\"https:\/\/www.gqualcampaign.org\/old\/paper-analysis-cedaw-article-8\/\" rel=\"bookmark\">Paper analysis CEDAW Article 8<\/a><\/h2><\/header>\n\n\t\t\t<div class=\"liquid-lp-excerpt entry-summary mt-1\">\n\t\t\t\t<p>The Potential of Article 8 of the CEDAW Convention to Guarantee Women\u2019s Equal<\/p>\n\t\t\t<\/div><!-- \/.latest-post-excerpt -->\n\t\t\n<footer class=\"liquid-lp-footer\">\n\t<a href=\"https:\/\/www.gqualcampaign.org\/old\/paper-analysis-cedaw-article-8\/\" class=\"btn font-weight-bold btn-naked liquid-lp-read-more\">\n\t\t<span>\n\t\t\t<span class=\"btn-txt\">Read more<\/span>\n\t\t\t<span class=\"btn-icon\">\n\t\t\t\t<i class=\"fa fa-angle-right\"><\/i>\n\t\t\t<\/span>\n\t\t<\/span>\n\t<\/a>\n<\/footer>\n<\/article><\/div><div class=\"col-md-3\"><article id=\"post-9351\" class=\"liquid-lp post-9351 post type-post status-publish format-standard hentry category-news tag-iachr tag-oas tag-parity\"><header class=\"liquid-lp-header\">\n\t<h2 class=\"entry-title liquid-lp-title h4\"><a  href=\"https:\/\/www.gqualcampaign.org\/old\/states-should-elect-members-of-the-iachr-taking-gender-parity-into-account\/\" rel=\"bookmark\">States should elect members of the IACHR taking gender parity into account<\/a><\/h2><\/header>\n\n\t\t\t<div class=\"liquid-lp-excerpt entry-summary mt-1\">\n\t\t\t\t<p>At the next General Assembly of the Organization of American States (OAS) to<\/p>\n\t\t\t<\/div><!-- \/.latest-post-excerpt -->\n\t\t\n<footer class=\"liquid-lp-footer\">\n\t<a href=\"https:\/\/www.gqualcampaign.org\/old\/states-should-elect-members-of-the-iachr-taking-gender-parity-into-account\/\" class=\"btn font-weight-bold btn-naked liquid-lp-read-more\">\n\t\t<span>\n\t\t\t<span class=\"btn-txt\">Read more<\/span>\n\t\t\t<span class=\"btn-icon\">\n\t\t\t\t<i class=\"fa fa-angle-right\"><\/i>\n\t\t\t<\/span>\n\t\t<\/span>\n\t<\/a>\n<\/footer>\n<\/article><\/div><div class=\"col-md-3\"><article id=\"post-9349\" class=\"liquid-lp post-9349 post type-post status-publish format-standard hentry category-noticias-es tag-cidh tag-oea tag-paridad\"><header class=\"liquid-lp-header\">\n\t<h2 class=\"entry-title liquid-lp-title h4\"><a  href=\"https:\/\/www.gqualcampaign.org\/old\/los-estados-deben-elegir-integrantes-de-la-cidh-teniendo-en-cuenta-la-paridad\/\" rel=\"bookmark\">Los Estados deben elegir integrantes de la CIDH teniendo en cuenta la paridad de g\u00e9nero<\/a><\/h2><\/header>\n\n\t\t\t<div class=\"liquid-lp-excerpt entry-summary mt-1\">\n\t\t\t\t<p>En la pr\u00f3xima Asamblea General de la Organizaci\u00f3n de Estados Americanos (OEA) que<\/p>\n\t\t\t<\/div><!-- \/.latest-post-excerpt -->\n\t\t\n<footer class=\"liquid-lp-footer\">\n\t<a href=\"https:\/\/www.gqualcampaign.org\/old\/los-estados-deben-elegir-integrantes-de-la-cidh-teniendo-en-cuenta-la-paridad\/\" class=\"btn font-weight-bold btn-naked liquid-lp-read-more\">\n\t\t<span>\n\t\t\t<span class=\"btn-txt\">Read more<\/span>\n\t\t\t<span class=\"btn-icon\">\n\t\t\t\t<i class=\"fa fa-angle-right\"><\/i>\n\t\t\t<\/span>\n\t\t<\/span>\n\t<\/a>\n<\/footer>\n<\/article><\/div><div class=\"col-md-3\"><article id=\"post-9207\" class=\"liquid-lp post-9207 post type-post status-publish format-standard hentry category-blog tag-8m tag-iwd tag-statement\"><header class=\"liquid-lp-header\">\n\t<h2 class=\"entry-title liquid-lp-title h4\"><a  href=\"https:\/\/www.gqualcampaign.org\/old\/iwd-renew-our-commitment-and-promote-stronger-actions-to-ensure-gender-equality\/\" rel=\"bookmark\">International Women\u2019s Day is a moment to take stock of progress, renew our commitment and promote stronger actions to ensure gender equality<\/a><\/h2><\/header>\n\n\t\t\t<div class=\"liquid-lp-excerpt entry-summary mt-1\">\n\t\t\t\t<p>On #IWD GQUAL pauses to honor the struggle, the courage, the creativity, the<\/p>\n\t\t\t<\/div><!-- \/.latest-post-excerpt -->\n\t\t\n<footer class=\"liquid-lp-footer\">\n\t<a href=\"https:\/\/www.gqualcampaign.org\/old\/iwd-renew-our-commitment-and-promote-stronger-actions-to-ensure-gender-equality\/\" class=\"btn font-weight-bold btn-naked liquid-lp-read-more\">\n\t\t<span>\n\t\t\t<span class=\"btn-txt\">Read more<\/span>\n\t\t\t<span class=\"btn-icon\">\n\t\t\t\t<i class=\"fa fa-angle-right\"><\/i>\n\t\t\t<\/span>\n\t\t<\/span>\n\t<\/a>\n<\/footer>\n<\/article><\/div><\/div><!--\/ .row --><\/div><!--\/ .liquid-blog-posts --><style>.ld_spacer_69fe2dd2df70c{height:70px;}<\/style>\n<div class=\"ld-empty-space ld_spacer_69fe2dd2df70c\"><span class=\"liquid_empty_space_inner\"><\/span><\/div>[\/vc_column][\/vc_row]<\/p>\n<\/section>","protected":false},"excerpt":{"rendered":"<p>[vc_row][vc_column][\/vc_column][\/vc_row]<\/p>\n","protected":false},"author":1,"featured_media":0,"parent":0,"menu_order":0,"comment_status":"closed","ping_status":"closed","template":"","meta":[],"_links":{"self":[{"href":"https:\/\/www.gqualcampaign.org\/old\/wp-json\/wp\/v2\/pages\/5620"}],"collection":[{"href":"https:\/\/www.gqualcampaign.org\/old\/wp-json\/wp\/v2\/pages"}],"about":[{"href":"https:\/\/www.gqualcampaign.org\/old\/wp-json\/wp\/v2\/types\/page"}],"author":[{"embeddable":true,"href":"https:\/\/www.gqualcampaign.org\/old\/wp-json\/wp\/v2\/users\/1"}],"replies":[{"embeddable":true,"href":"https:\/\/www.gqualcampaign.org\/old\/wp-json\/wp\/v2\/comments?post=5620"}],"version-history":[{"count":0,"href":"https:\/\/www.gqualcampaign.org\/old\/wp-json\/wp\/v2\/pages\/5620\/revisions"}],"wp:attachment":[{"href":"https:\/\/www.gqualcampaign.org\/old\/wp-json\/wp\/v2\/media?parent=5620"}],"curies":[{"name":"wp","href":"https:\/\/api.w.org\/{rel}","templated":true}]}}