{"id":7368,"date":"2020-08-30T06:40:00","date_gmt":"2020-08-30T06:40:00","guid":{"rendered":"http:\/\/www.gqualcampaign.org\/old\/?page_id=7368"},"modified":"2022-03-08T18:53:01","modified_gmt":"2022-03-08T18:53:01","slug":"comunidad","status":"publish","type":"page","link":"https:\/\/www.gqualcampaign.org\/old\/comunidad\/","title":{"rendered":"Comunidad"},"content":{"rendered":"<section class=\"wpb-content-wrapper\"><p>[vc_row content_placement=&#8221;middle&#8221; parallax=&#8221;enable_parallax&#8221; enable_overlay=&#8221;yes&#8221; css=&#8221;.vc_custom_1598806184004{background-image: url(http:\/\/www.gqualcampaign.org\/old\/wp-content\/uploads\/2020\/08\/GQUAL-lanzamiento-de-la-campan\u0303a-scaled.jpg?id=7291) !important;background-position: center;background-repeat: no-repeat;background-size:cover;}&#8221; overlay_bg=&#8221;rgba(0, 0, 0, 0.65)&#8221;][vc_column css=&#8221;.vc_custom_1599445465837{padding-right: 8px !important;padding-left: 8px !important;}&#8221;][vc_custom_heading text=&#8221;Comunidad&#8221; font_container=&#8221;tag:h1|font_size:80px|text_align:left|color:%23ffffff|line_height:1.5em&#8221; css=&#8221;.vc_custom_1599170940651{padding-top: 130px !important;padding-bottom: 80px !important;}&#8221;][\/vc_column][\/vc_row][vc_row content_placement=&#8221;middle&#8221; css=&#8221;.vc_custom_1598757401554{background-color: #eeeeee !important;border-radius: 1px !important;}&#8221;][vc_column align=&#8221;text-left&#8221;]<style>.ld_custom_menu_69fe2b40c646b > li > a{font-size:14px;line-height:1.5 em;text-transform:uppercase;}.ld_custom_menu_69fe2b40c646b li + li{margin-left:24px;}.ld_custom_menu_69fe2b40c646b > li > a:hover, .ld_custom_menu_69fe2b40c646b ul > li > a:hover, .ld_custom_menu_69fe2b40c646b li.is-active > a, .ld_custom_menu_69fe2b40c646b li.current-menu-item > a{color:rgb(254, 87, 68);}.ld_custom_menu_69fe2b40c646b > li > a, .ld_custom_menu_69fe2b40c646b ul > li > a{background:rgba(255, 255, 255, 0);}<\/style>\n\t<ul class=\"lqd-custom-menu reset-ul inline-nav menu-items-have-fill ld_custom_menu_69fe2b40c646b\" id=\"ld_custom_menu_69fe2b40c646b\">\n\t<li><a href=\"http:\/\/www.gqualcampaign.org\/old\/comunidad\/\" target=\"_self\">Comunidad<\/a><\/li><li><a href=\"http:\/\/www.gqualcampaign.org\/old\/la-campana\/bolsa-de-trabajo-gqual\/\" target=\"_self\">Vacantes disponibles<\/a><\/li><li><a href=\"http:\/\/www.gqualcampaign.org\/old\/agenda-eventos\/\" target=\"_self\">Agenda y Eventos<\/a><\/li><li><a href=\"http:\/\/www.gqualcampaign.org\/old\/suscribirse\/\" target=\"_self\">Newsletter<\/a><\/li><li><a href=\"http:\/\/www.gqualcampaign.org\/old\/sumate-a-nuestro-equipo\/\" target=\"_self\">Sumate a nuestro equipo<\/a><\/li>\t<\/ul>\n[\/vc_column][\/vc_row][vc_row][vc_column width=&#8221;1\/2&#8243; css=&#8221;.vc_custom_1599445482145{margin-right: 8px !important;margin-left: 8px !important;}&#8221;][vc_custom_heading text=&#8221;Cambiar la composici\u00f3n de los tribunales internacionales y cuerpos de monitoreo para reflejar la diversidad e igualdad en su composici\u00f3n es una tarea posible. Sin embargo, la informaci\u00f3n disponible nos demuestra que la subrepresentaci\u00f3n de mujeres en estos espacios no se corrige por s\u00ed sola por el paso del tiempo. El cambio requiere del esfuerzo concertado y coordinado de una red de diversos actores, tanto a nivel local como regional y global. GQUAL busca servir de plataforma de encuentro para esa comunidad.<\/p>\n<p>Te invitamos a sumarte a cambiar la foto de la justicia internacional.&#8221; font_container=&#8221;tag:p|text_align:left&#8221; use_theme_fonts=&#8221;&#8221; google_fonts=&#8221;font_family:Source%20Serif%20Pro%3A400%2C600%2C700|font_style:400%20regular%3A400%3Anormal&#8221; css=&#8221;.vc_custom_1601242596581{padding-top: 80px !important;}&#8221;][vc_row_inner][vc_column_inner width=&#8221;1\/2&#8243;]<style>.ld_spacer_69fe2b40c6612{height:80px;}<\/style>\n<div class=\"ld-empty-space ld_spacer_69fe2b40c6612\"><span class=\"liquid_empty_space_inner\"><\/span><\/div><style>.ld_content_box_69fe2b40c676b.fancy-box-overlay .cb-overlay{background:-webkit-linear-gradient(65deg, rgba(255, 42, 42, 0.74) 2.866242038216562%, rgba(24, 161, 183, 0.82) 92.35668789808918%);background:linear-gradient(65deg, rgba(255, 42, 42, 0.74) 2.866242038216562%, rgba(24, 161, 183, 0.82) 92.35668789808918%);}.ld_content_box_69fe2b40c676b{min-height:160px;}<\/style>\n<div id=\"ld_content_box_69fe2b40c676b\" class=\"fancy-box border-radius-3 scheme-light fancy-box-overlay shadowed fancy-box-custom-height ld_content_box_69fe2b40c676b\">\n\t\n\t<div class=\"cb-img-container border-radius-3\">\n\t\t\t<\/div><!-- \/.cb-img-container -->\n\n\t<span class=\"cb-overlay\"><\/span><!-- \/.cb-overlay -->\n\n\t<div class=\"fancy-box-contents border-radius-3\">\n\t\t\n\t\t<div class=\"fancy-box-header\">\n\t\t\t\t\t\t<h3>Vacantes disponibles<\/h3>\t\t\t\t\t<\/div><!-- \/.fancy-box-header -->\n\t\t\n\t\t\n\t<\/div><!-- \/.fancy-box-contents -->\n\n\t<a href=\"http:\/\/www.gqualcampaign.org\/old\/la-campana\/bolsa-de-trabajo-gqual\/\" class=\"liquid-overlay-link\"><\/a>\t\n<\/div><!-- \/.fancy-box fancy-box-classes -->[\/vc_column_inner][vc_column_inner width=&#8221;1\/2&#8243;]<style>.ld_spacer_69fe2b40c6884{height:80px;}<\/style>\n<div class=\"ld-empty-space ld_spacer_69fe2b40c6884\"><span class=\"liquid_empty_space_inner\"><\/span><\/div><style>.ld_content_box_69fe2b40c69d1.fancy-box-overlay .cb-overlay{background:-webkit-linear-gradient(65deg, rgba(255, 42, 42, 0.74) 2.866242038216562%, rgba(24, 161, 183, 0.82) 92.35668789808918%);background:linear-gradient(65deg, rgba(255, 42, 42, 0.74) 2.866242038216562%, rgba(24, 161, 183, 0.82) 92.35668789808918%);}.ld_content_box_69fe2b40c69d1{min-height:160px;}<\/style>\n<div id=\"ld_content_box_69fe2b40c69d1\" class=\"fancy-box border-radius-3 scheme-light fancy-box-overlay shadowed fancy-box-custom-height ld_content_box_69fe2b40c69d1\">\n\t\n\t<div class=\"cb-img-container border-radius-3\">\n\t\t\t<\/div><!-- \/.cb-img-container -->\n\n\t<span class=\"cb-overlay\"><\/span><!-- \/.cb-overlay -->\n\n\t<div class=\"fancy-box-contents border-radius-3\">\n\t\t\n\t\t<div class=\"fancy-box-header\">\n\t\t\t\t\t\t<h3>Agenda y eventos<\/h3>\t\t\t\t\t<\/div><!-- \/.fancy-box-header -->\n\t\t\n\t\t\n\t<\/div><!-- \/.fancy-box-contents -->\n\n\t<a href=\"http:\/\/www.gqualcampaign.org\/old\/agenda-eventos\/\" class=\"liquid-overlay-link\"><\/a>\t\n<\/div><!-- \/.fancy-box fancy-box-classes -->[\/vc_column_inner][\/vc_row_inner][vc_row_inner][vc_column_inner]<style>.ld_content_box_69fe2b40c6b61.fancy-box-overlay .cb-overlay{background:-webkit-linear-gradient(65deg, rgba(255, 42, 42, 0.74) 2.866242038216562%, rgba(24, 161, 183, 0.82) 92.35668789808918%);background:linear-gradient(65deg, rgba(255, 42, 42, 0.74) 2.866242038216562%, rgba(24, 161, 183, 0.82) 92.35668789808918%);}.ld_content_box_69fe2b40c6b61{min-height:160px;}<\/style>\n<div id=\"ld_content_box_69fe2b40c6b61\" class=\"fancy-box border-radius-3 scheme-light fancy-box-overlay shadowed fancy-box-custom-height ld_content_box_69fe2b40c6b61\">\n\t\n\t<div class=\"cb-img-container border-radius-3\">\n\t\t\t<\/div><!-- \/.cb-img-container -->\n\n\t<span class=\"cb-overlay\"><\/span><!-- \/.cb-overlay -->\n\n\t<div class=\"fancy-box-contents border-radius-3\">\n\t\t\n\t\t<div class=\"fancy-box-header\">\n\t\t\t\t\t\t<h3>Suscribirse al newsletter<\/h3>\t\t\t\t\t<\/div><!-- \/.fancy-box-header -->\n\t\t\n\t\t\n\t<\/div><!-- \/.fancy-box-contents -->\n\n\t<a href=\"http:\/\/www.gqualcampaign.org\/old\/suscribirse\/\" class=\"liquid-overlay-link\"><\/a>\t\n<\/div><!-- \/.fancy-box fancy-box-classes -->[\/vc_column_inner][\/vc_row_inner][\/vc_column][vc_column width=&#8221;1\/2&#8243; full_width=&#8221;&#8221; gap=&#8221;10&#8243; full_height=&#8221;&#8221; columns_placement=&#8221;middle&#8221; equal_height=&#8221;&#8221; content_placement=&#8221;&#8221; sticky_row=&#8221;&#8221; fade_scroll=&#8221;&#8221; sticky_bg=&#8221;&#8221; shrink_borders=&#8221;&#8221; enable_loading_bg=&#8221;&#8221; enable_slideshow_bg=&#8221;&#8221; slideshow_effect=&#8221;&#8221; slideshow_images=&#8221;&#8221; header_type=&#8221;mainbar&#8221; header_full_width=&#8221;&#8221; rtl_reverse=&#8221;&#8221; video_bg_parallax=&#8221;&#8221; parallax_speed_video=&#8221;1.5&#8243; css_animation=&#8221;&#8221; disable_element=&#8221;&#8221; bg_attachment=&#8221;scroll&#8221; enable_gradient=&#8221;&#8221; mobile_bg_gradient=&#8221;&#8221; enable_row_shadowbox=&#8221;&#8221; enable_row_dividers=&#8221;&#8221; css=&#8221;.vc_custom_1603060012535{margin-top: 24px !important;margin-right: 8px !important;margin-left: 8px !important;}&#8221;]<div id=\"ld_images_group_container_69fe2b40c6cc3\" class=\"liquid-img-group-container ld_images_group_container_69fe2b40c6cc3\" data-custom-animations=\"true\" data-ca-options='{\"triggerHandler\":\"inview\",\"animationTarget\":\".liquid-img-group-single\",\"duration\":700,\"delay\":100,\"easing\":\"easeOutQuint\",\"direction\":\"forward\",\"initValues\":{\"scale\":1},\"animations\":{\"scale\":1}}' data-parallax=\"true\" data-parallax-options='{\"overflowHidden\":false,\"easing\":\"linear\"}'>\n\t<div class=\"liquid-img-group-inner\">\n\t\t<p><style>@media (min-width: 1200px) { .ld_images_group_element_69fe2b40c6e71 {margin-top:16px !important; margin-bottom:16px !important;  }  } <\/style><div id=\"ld_images_group_element_69fe2b40c6e71\" class=\"liquid-img-group-single ld_images_group_element_69fe2b40c6e71\" data-shadow-style=\"1\" data-roundness=\"2\" data-inview=\"true\" data-animate-shadow=\"true\">\n\t\n\t\t\n\t<div class=\"liquid-img-group-img-container\">\n\t\t\n\t\t\n\t\t\t\t\n\t\t\t\t<div class=\"liquid-img-container-inner\" >\n\t\t\t<figure ><img width=\"1408\" height=\"940\" src=\"data:image\/svg+xml;charset=utf-8,&lt;svg xmlns%3D&#039;http%3A%2F%2Fwww.w3.org%2F2000%2Fsvg&#039; viewBox%3D&#039;0 0 1408 940&#039;%2F&gt;\" class=\"attachment-full size-full ld-lazyload\" alt=\"\" decoding=\"async\" loading=\"lazy\" srcset=\"\" sizes=\"(max-width: 1408px) 100vw, 1408px\" data-src=\"https:\/\/www.gqualcampaign.org\/old\/wp-content\/uploads\/2020\/08\/Corte-Interamericana-de-Derechos-Humanos-2020-byn.png\" data-srcset=\"https:\/\/www.gqualcampaign.org\/old\/wp-content\/uploads\/2020\/08\/Corte-Interamericana-de-Derechos-Humanos-2020-byn.png 1408w, https:\/\/www.gqualcampaign.org\/old\/wp-content\/uploads\/2020\/08\/Corte-Interamericana-de-Derechos-Humanos-2020-byn-300x200.png 300w, https:\/\/www.gqualcampaign.org\/old\/wp-content\/uploads\/2020\/08\/Corte-Interamericana-de-Derechos-Humanos-2020-byn-1024x684.png 1024w\" data-aspect=\"1.4978723404255\" \/><\/figure>\t\t\t\t\t<\/div><!-- \/.liquid-img-container-inner -->\n\t\t\n\t<\/div><!-- \/.liquid-img-group-content -->\n<\/div><!-- \/.liquid-img-group-single --><div id=\"ld_images_group_element_69fe2b40cc98b\" class=\"liquid-img-group-single ld_images_group_element_69fe2b40cc98b\" data-shadow-style=\"1\" data-roundness=\"2\" data-inview=\"true\" data-animate-shadow=\"true\">\n\t\n\t\t\n\t<div class=\"liquid-img-group-img-container\">\n\t\t\n\t\t\n\t\t\t\t\n\t\t\t\t<div class=\"liquid-img-container-inner\" >\n\t\t\t<figure ><img width=\"1940\" height=\"1239\" src=\"data:image\/svg+xml;charset=utf-8,&lt;svg xmlns%3D&#039;http%3A%2F%2Fwww.w3.org%2F2000%2Fsvg&#039; viewBox%3D&#039;0 0 1940 1239&#039;%2F&gt;\" class=\"attachment-full size-full ld-lazyload\" alt=\"\" decoding=\"async\" loading=\"lazy\" srcset=\"\" sizes=\"(max-width: 1940px) 100vw, 1940px\" data-src=\"https:\/\/www.gqualcampaign.org\/old\/wp-content\/uploads\/2020\/09\/Corte-Internacional-de-Justicia-bis-byn.png\" data-srcset=\"https:\/\/www.gqualcampaign.org\/old\/wp-content\/uploads\/2020\/09\/Corte-Internacional-de-Justicia-bis-byn.png 1940w, https:\/\/www.gqualcampaign.org\/old\/wp-content\/uploads\/2020\/09\/Corte-Internacional-de-Justicia-bis-byn-300x192.png 300w, https:\/\/www.gqualcampaign.org\/old\/wp-content\/uploads\/2020\/09\/Corte-Internacional-de-Justicia-bis-byn-1024x654.png 1024w\" data-aspect=\"1.5657788539144\" \/><\/figure>\t\t\t\t\t<\/div><!-- \/.liquid-img-container-inner -->\n\t\t\n\t<\/div><!-- \/.liquid-img-group-content -->\n<\/div><!-- \/.liquid-img-group-single --><style>@media (min-width: 1200px) { .ld_images_group_element_69fe2b40d37b3 {margin-top:16px !important; margin-bottom:16px !important;  }  } <\/style><div id=\"ld_images_group_element_69fe2b40d37b3\" class=\"liquid-img-group-single ld_images_group_element_69fe2b40d37b3\" data-shadow-style=\"1\" data-roundness=\"2\" data-inview=\"true\" data-animate-shadow=\"true\">\n\t\n\t\t\n\t<div class=\"liquid-img-group-img-container\">\n\t\t\n\t\t\n\t\t\t\t\n\t\t\t\t<div class=\"liquid-img-container-inner\" >\n\t\t\t<figure ><img width=\"1890\" height=\"1186\" src=\"data:image\/svg+xml;charset=utf-8,&lt;svg xmlns%3D&#039;http%3A%2F%2Fwww.w3.org%2F2000%2Fsvg&#039; viewBox%3D&#039;0 0 1890 1186&#039;%2F&gt;\" class=\"attachment-full size-full ld-lazyload\" alt=\"\" decoding=\"async\" loading=\"lazy\" srcset=\"\" sizes=\"(max-width: 1890px) 100vw, 1890px\" data-src=\"https:\/\/www.gqualcampaign.org\/old\/wp-content\/uploads\/2020\/09\/Corte-Penal-Internacional-ICC-2020-byn.png\" data-srcset=\"https:\/\/www.gqualcampaign.org\/old\/wp-content\/uploads\/2020\/09\/Corte-Penal-Internacional-ICC-2020-byn.png 1890w, https:\/\/www.gqualcampaign.org\/old\/wp-content\/uploads\/2020\/09\/Corte-Penal-Internacional-ICC-2020-byn-300x188.png 300w, https:\/\/www.gqualcampaign.org\/old\/wp-content\/uploads\/2020\/09\/Corte-Penal-Internacional-ICC-2020-byn-1024x643.png 1024w\" data-aspect=\"1.5935919055649\" \/><\/figure>\t\t\t\t\t<\/div><!-- \/.liquid-img-container-inner -->\n\t\t\n\t<\/div><!-- \/.liquid-img-group-content -->\n<\/div><!-- \/.liquid-img-group-single --><\/p>\n\t\n\t<\/div><!-- \/.liquid-img-group-inner -->\n<\/div><!-- \/.liquid-img-group-container -->[\/vc_column][\/vc_row][vc_column width=&#8221;1\/2&#8243; css=&#8221;.vc_custom_1601242618938{margin-left: 40px !important;}&#8221;][\/vc_column]<\/p>\n<\/section>","protected":false},"excerpt":{"rendered":"<p>[vc_row content_placement=&#8221;middle&#8221; parallax=&#8221;enable_parallax&#8221; enable_overlay=&#8221;yes&#8221; css=&#8221;.vc_custom_1598806184004{background-image: url(http:\/\/www.gqualcampaign.org\/old\/wp-content\/uploads\/2020\/08\/GQUAL-lanzamiento-de-la-campan\u0303a-scaled.jpg?id=7291) !important;background-position: center;background-repeat: no-repeat;background-size:cover;}&#8221; overlay_bg=&#8221;rgba(0, 0, 0, 0.65)&#8221;][vc_column css=&#8221;.vc_custom_1599445465837{padding-right: 8px&#8230;<\/p>\n","protected":false},"author":1,"featured_media":0,"parent":0,"menu_order":0,"comment_status":"closed","ping_status":"closed","template":"","meta":[],"_links":{"self":[{"href":"https:\/\/www.gqualcampaign.org\/old\/wp-json\/wp\/v2\/pages\/7368"}],"collection":[{"href":"https:\/\/www.gqualcampaign.org\/old\/wp-json\/wp\/v2\/pages"}],"about":[{"href":"https:\/\/www.gqualcampaign.org\/old\/wp-json\/wp\/v2\/types\/page"}],"author":[{"embeddable":true,"href":"https:\/\/www.gqualcampaign.org\/old\/wp-json\/wp\/v2\/users\/1"}],"replies":[{"embeddable":true,"href":"https:\/\/www.gqualcampaign.org\/old\/wp-json\/wp\/v2\/comments?post=7368"}],"version-history":[{"count":10,"href":"https:\/\/www.gqualcampaign.org\/old\/wp-json\/wp\/v2\/pages\/7368\/revisions"}],"predecessor-version":[{"id":8179,"href":"https:\/\/www.gqualcampaign.org\/old\/wp-json\/wp\/v2\/pages\/7368\/revisions\/8179"}],"wp:attachment":[{"href":"https:\/\/www.gqualcampaign.org\/old\/wp-json\/wp\/v2\/media?parent=7368"}],"curies":[{"name":"wp","href":"https:\/\/api.w.org\/{rel}","templated":true}]}}