{"id":7381,"date":"2020-08-30T19:27:07","date_gmt":"2020-08-30T19:27:07","guid":{"rendered":"http:\/\/www.gqualcampaign.org\/old\/?page_id=7381"},"modified":"2022-09-27T17:36:37","modified_gmt":"2022-09-27T17:36:37","slug":"composicion-actual","status":"publish","type":"page","link":"https:\/\/www.gqualcampaign.org\/old\/composicion-actual\/","title":{"rendered":"Composici\u00f3n Actual"},"content":{"rendered":"<section class=\"wpb-content-wrapper\"><p>[vc_row content_placement=&#8221;middle&#8221; parallax=&#8221;enable_parallax&#8221; enable_overlay=&#8221;yes&#8221; css=&#8221;.vc_custom_1598816071952{background-image: url(http:\/\/www.gqualcampaign.org\/old\/wp-content\/uploads\/2020\/08\/Corte-Interamericana-de-Derechos-Humanos-2020.png?id=7384) !important;background-position: center;background-repeat: no-repeat;background-size:cover;}&#8221; overlay_bg=&#8221;rgba(0, 0, 0, 0.65)&#8221;][vc_column][vc_custom_heading text=&#8221;\u00bfD\u00f3nde est\u00e1n las mujeres en los organismos internacionales?&#8221; font_container=&#8221;tag:h1|font_size:80px|text_align:left|color:%23ffffff|line_height:1em&#8221; css=&#8221;.vc_custom_1601242136356{padding-top: 130px !important;padding-bottom: 80px !important;}&#8221;][\/vc_column][\/vc_row][vc_row css=&#8221;.vc_custom_1601242164418{margin-top: 80px !important;}&#8221;][vc_column][vc_row_inner][vc_column_inner]<style>.ld_fancy_heading_69fe2a7991bb5 .lqd-highlight-inner{height:0.275em;bottom:0px;}<\/style><div class=\"ld-fancy-heading ld_fancy_heading_69fe2a7991bb5\">\n\t<h1 class=\"lqd-highlight-underline lqd-highlight-grow-left\" ><span class=\"ld-fh-txt\"> <\/p>\n<h2>Composici\u00f3n de Tribunales y Organismos Internacionales<\/h2>\n<p><\/span><\/h1><\/div>[vc_column_text]GQUAL monitorea la composici\u00f3n de 88 organismos internacionales que representan un total de 585 puestos disponibles. En la siguiente tabla reflejamos la composici\u00f3n actual e hist\u00f3rica desagregada por g\u00e9nero de todos los organismos relevados.<\/p>\n<p>Datos actualizados a\u00a0<em>septiembre 2022.<\/em>[\/vc_column_text]<style>.ld_spacer_69fe2a7991d5b{height:40px;}<\/style>\n<div class=\"ld-empty-space ld_spacer_69fe2a7991d5b\"><span class=\"liquid_empty_space_inner\"><\/span><\/div>[\/vc_column_inner][\/vc_row_inner]<div class=\"accordion accordion-md accordion-body-bordered accordion-expander-left accordion-expander-lg vc_accordion_69fe2a79920df\" id=\"vc_accordion_69fe2a79920df\" role=\"tablist\" aria-multiselectable=\"true\">\n\n\t<div class=\"accordion-item panel  active \">\n\n\t\t<div class=\"accordion-heading\" role=\"tab\" id=\"heading_1601242039317-62934665-ea01\">\n\t\t\t<h4 class=\"accordion-title\">\n\t\t\t\t<a class=\"\" data-toggle=\"collapse\" data-parent=\"#vc_accordion_69fe2a79920df\" href=\"#1601242039317-62934665-ea01\" aria-expanded=\"true\" aria-controls=\"1601242039317-62934665-ea01\">\n\t\t\t\t\t\n\t\t\t\t\t\n\t\t\t\t\tTribunales Internacionales\n\t\t\t\t\t\t\t\t\t\t<span class=\"accordion-expander\">\n\t\t\t\t\t\t<i class=\"fas fa-angle-down\"><\/i>\n\t\t\t\t\t\t<i class=\"fas fa-angle-down\"><\/i>\n\t\t\t\t\t<\/span>\n\t\t\t\t\t\n\t\t\t\t<\/a>\n\t\t\t\t\n\t\t\t<\/h4>\n\t\t<\/div>\n\n\t\t<div id=\"1601242039317-62934665-ea01\" class=\"accordion-collapse collapse in\" role=\"tabpanel\" aria-labelledby=\"heading_1601242039317-62934665-ea01\">\n\t\t\t<div class=\"accordion-content\">\n\t\t\t<p>[vc_column_text]<iframe loading=\"lazy\" style=\"border: 0;\" src=\"https:\/\/datastudio.google.com\/embed\/reporting\/cf2245f5-b98a-4765-a7d9-535578759ea4\/page\/U81gB\" width=\"1200\" height=\"260\" frameborder=\"0\" allowfullscreen=\"allowfullscreen\"><\/iframe>[\/vc_column_text]<\/p>\n\t\t\t<\/div>\n\t\t<\/div>\n\t<\/div>\n\t<div class=\"accordion-item panel  \">\n\n\t\t<div class=\"accordion-heading\" role=\"tab\" id=\"heading_1601242039332-d1798b2d-a92e\">\n\t\t\t<h4 class=\"accordion-title\">\n\t\t\t\t<a class=\"collapsed\" data-toggle=\"collapse\" data-parent=\"#vc_accordion_69fe2a79920df\" href=\"#1601242039332-d1798b2d-a92e\" aria-expanded=\"false\" aria-controls=\"1601242039332-d1798b2d-a92e\">\n\t\t\t\t\t\n\t\t\t\t\t\n\t\t\t\t\tTribunales Regionales\n\t\t\t\t\t\t\t\t\t\t<span class=\"accordion-expander\">\n\t\t\t\t\t\t<i class=\"fas fa-angle-down\"><\/i>\n\t\t\t\t\t\t<i class=\"fas fa-angle-down\"><\/i>\n\t\t\t\t\t<\/span>\n\t\t\t\t\t\n\t\t\t\t<\/a>\n\t\t\t\t\n\t\t\t<\/h4>\n\t\t<\/div>\n\n\t\t<div id=\"1601242039332-d1798b2d-a92e\" class=\"accordion-collapse collapse\" role=\"tabpanel\" aria-labelledby=\"heading_1601242039332-d1798b2d-a92e\">\n\t\t\t<div class=\"accordion-content\">\n\t\t\t<p>[vc_column_text]<iframe loading=\"lazy\" style=\"border: 0;\" src=\"https:\/\/datastudio.google.com\/embed\/reporting\/b92de3d8-965b-4d9d-acef-6d9417f1f2a2\/page\/BeAiB\" width=\"1200\" height=\"300\" frameborder=\"0\" allowfullscreen=\"allowfullscreen\"><\/iframe>[\/vc_column_text]<\/p>\n\t\t\t<\/div>\n\t\t<\/div>\n\t<\/div>\n\t<div class=\"accordion-item panel  \">\n\n\t\t<div class=\"accordion-heading\" role=\"tab\" id=\"heading_1601242266617-083d26c3-19a8\">\n\t\t\t<h4 class=\"accordion-title\">\n\t\t\t\t<a class=\"collapsed\" data-toggle=\"collapse\" data-parent=\"#vc_accordion_69fe2a79920df\" href=\"#1601242266617-083d26c3-19a8\" aria-expanded=\"false\" aria-controls=\"1601242266617-083d26c3-19a8\">\n\t\t\t\t\t\n\t\t\t\t\t\n\t\t\t\t\tTribunales Regionales de Derechos Humanos\n\t\t\t\t\t\t\t\t\t\t<span class=\"accordion-expander\">\n\t\t\t\t\t\t<i class=\"fas fa-angle-down\"><\/i>\n\t\t\t\t\t\t<i class=\"fas fa-angle-down\"><\/i>\n\t\t\t\t\t<\/span>\n\t\t\t\t\t\n\t\t\t\t<\/a>\n\t\t\t\t\n\t\t\t<\/h4>\n\t\t<\/div>\n\n\t\t<div id=\"1601242266617-083d26c3-19a8\" class=\"accordion-collapse collapse\" role=\"tabpanel\" aria-labelledby=\"heading_1601242266617-083d26c3-19a8\">\n\t\t\t<div class=\"accordion-content\">\n\t\t\t<p>[vc_column_text]<iframe loading=\"lazy\" style=\"border: 0;\" src=\"https:\/\/datastudio.google.com\/embed\/reporting\/c7cd12ac-057f-4e1a-ae5b-3c63cf47deb7\/page\/liAiB\" width=\"1200\" height=\"212\" frameborder=\"0\" allowfullscreen=\"allowfullscreen\"><\/iframe>[\/vc_column_text]<\/p>\n\t\t\t<\/div>\n\t\t<\/div>\n\t<\/div>\n\t<div class=\"accordion-item panel  \">\n\n\t\t<div class=\"accordion-heading\" role=\"tab\" id=\"heading_1601833313004-6dd16388-0612\">\n\t\t\t<h4 class=\"accordion-title\">\n\t\t\t\t<a class=\"collapsed\" data-toggle=\"collapse\" data-parent=\"#vc_accordion_69fe2a79920df\" href=\"#1601833313004-6dd16388-0612\" aria-expanded=\"false\" aria-controls=\"1601833313004-6dd16388-0612\">\n\t\t\t\t\t\n\t\t\t\t\t\n\t\t\t\t\tComisiones Internacionales\n\t\t\t\t\t\t\t\t\t\t<span class=\"accordion-expander\">\n\t\t\t\t\t\t<i class=\"fas fa-angle-down\"><\/i>\n\t\t\t\t\t\t<i class=\"fas fa-angle-down\"><\/i>\n\t\t\t\t\t<\/span>\n\t\t\t\t\t\n\t\t\t\t<\/a>\n\t\t\t\t\n\t\t\t<\/h4>\n\t\t<\/div>\n\n\t\t<div id=\"1601833313004-6dd16388-0612\" class=\"accordion-collapse collapse\" role=\"tabpanel\" aria-labelledby=\"heading_1601833313004-6dd16388-0612\">\n\t\t\t<div class=\"accordion-content\">\n\t\t\t<p>[vc_column_text]<iframe loading=\"lazy\" style=\"border: 0;\" src=\"https:\/\/datastudio.google.com\/embed\/reporting\/4e8233f2-fdb7-45b6-bbdc-0b9ccc765e94\/page\/5mAiB\" width=\"1200\" height=\"260\" frameborder=\"0\" allowfullscreen=\"allowfullscreen\"><\/iframe>[\/vc_column_text]<\/p>\n\t\t\t<\/div>\n\t\t<\/div>\n\t<\/div>\n\t<div class=\"accordion-item panel  \">\n\n\t\t<div class=\"accordion-heading\" role=\"tab\" id=\"heading_1601833524846-ff18c55f-3110\">\n\t\t\t<h4 class=\"accordion-title\">\n\t\t\t\t<a class=\"collapsed\" data-toggle=\"collapse\" data-parent=\"#vc_accordion_69fe2a79920df\" href=\"#1601833524846-ff18c55f-3110\" aria-expanded=\"false\" aria-controls=\"1601833524846-ff18c55f-3110\">\n\t\t\t\t\t\n\t\t\t\t\t\n\t\t\t\t\tTribunales H\u00edbridos\n\t\t\t\t\t\t\t\t\t\t<span class=\"accordion-expander\">\n\t\t\t\t\t\t<i class=\"fas fa-angle-down\"><\/i>\n\t\t\t\t\t\t<i class=\"fas fa-angle-down\"><\/i>\n\t\t\t\t\t<\/span>\n\t\t\t\t\t\n\t\t\t\t<\/a>\n\t\t\t\t\n\t\t\t<\/h4>\n\t\t<\/div>\n\n\t\t<div id=\"1601833524846-ff18c55f-3110\" class=\"accordion-collapse collapse\" role=\"tabpanel\" aria-labelledby=\"heading_1601833524846-ff18c55f-3110\">\n\t\t\t<div class=\"accordion-content\">\n\t\t\t<p>[vc_column_text]<iframe loading=\"lazy\" style=\"border: 0;\" src=\"https:\/\/datastudio.google.com\/embed\/reporting\/9b1cd45c-93fa-46f4-badf-2f2bd153af62\/page\/ZrAiB\" width=\"1200\" height=\"212\" frameborder=\"0\" allowfullscreen=\"allowfullscreen\"><\/iframe>[\/vc_column_text]<\/p>\n\t\t\t<\/div>\n\t\t<\/div>\n\t<\/div>\n\t<div class=\"accordion-item panel  \">\n\n\t\t<div class=\"accordion-heading\" role=\"tab\" id=\"heading_1601833659871-92c01301-d9b8\">\n\t\t\t<h4 class=\"accordion-title\">\n\t\t\t\t<a class=\"collapsed\" data-toggle=\"collapse\" data-parent=\"#vc_accordion_69fe2a79920df\" href=\"#1601833659871-92c01301-d9b8\" aria-expanded=\"false\" aria-controls=\"1601833659871-92c01301-d9b8\">\n\t\t\t\t\t\n\t\t\t\t\t\n\t\t\t\t\t\u00d3rganos de Tratados ONU\n\t\t\t\t\t\t\t\t\t\t<span class=\"accordion-expander\">\n\t\t\t\t\t\t<i class=\"fas fa-angle-down\"><\/i>\n\t\t\t\t\t\t<i class=\"fas fa-angle-down\"><\/i>\n\t\t\t\t\t<\/span>\n\t\t\t\t\t\n\t\t\t\t<\/a>\n\t\t\t\t\n\t\t\t<\/h4>\n\t\t<\/div>\n\n\t\t<div id=\"1601833659871-92c01301-d9b8\" class=\"accordion-collapse collapse\" role=\"tabpanel\" aria-labelledby=\"heading_1601833659871-92c01301-d9b8\">\n\t\t\t<div class=\"accordion-content\">\n\t\t\t<p>[vc_column_text]<iframe loading=\"lazy\" style=\"border: 0;\" src=\"https:\/\/datastudio.google.com\/embed\/reporting\/2ae0853c-85db-4a54-8563-bf917588e406\/page\/BuAiB\" width=\"1200\" height=\"432\" frameborder=\"0\" allowfullscreen=\"allowfullscreen\"><\/iframe>[\/vc_column_text]<\/p>\n\t\t\t<\/div>\n\t\t<\/div>\n\t<\/div>\n\t<div class=\"accordion-item panel  \">\n\n\t\t<div class=\"accordion-heading\" role=\"tab\" id=\"heading_1601833901865-74ed118d-b81b\">\n\t\t\t<h4 class=\"accordion-title\">\n\t\t\t\t<a class=\"collapsed\" data-toggle=\"collapse\" data-parent=\"#vc_accordion_69fe2a79920df\" href=\"#1601833901865-74ed118d-b81b\" aria-expanded=\"false\" aria-controls=\"1601833901865-74ed118d-b81b\">\n\t\t\t\t\t\n\t\t\t\t\t\n\t\t\t\t\tProcedimientos Especiales ONU\n\t\t\t\t\t\t\t\t\t\t<span class=\"accordion-expander\">\n\t\t\t\t\t\t<i class=\"fas fa-angle-down\"><\/i>\n\t\t\t\t\t\t<i class=\"fas fa-angle-down\"><\/i>\n\t\t\t\t\t<\/span>\n\t\t\t\t\t\n\t\t\t\t<\/a>\n\t\t\t\t\n\t\t\t<\/h4>\n\t\t<\/div>\n\n\t\t<div id=\"1601833901865-74ed118d-b81b\" class=\"accordion-collapse collapse\" role=\"tabpanel\" aria-labelledby=\"heading_1601833901865-74ed118d-b81b\">\n\t\t\t<div class=\"accordion-content\">\n\t\t\t<p>[vc_column_text]<iframe loading=\"lazy\" style=\"border: 0;\" src=\"https:\/\/datastudio.google.com\/embed\/reporting\/41e28a67-5448-4e54-b3b2-7d28e079b79a\/page\/h0AiB\" width=\"1200\" height=\"1850\" frameborder=\"0\" allowfullscreen=\"allowfullscreen\"><\/iframe>[\/vc_column_text]<\/p>\n\t\t\t<\/div>\n\t\t<\/div>\n\t<\/div>\n\t<div class=\"accordion-item panel  \">\n\n\t\t<div class=\"accordion-heading\" role=\"tab\" id=\"heading_1601834176223-a1ef2746-a991\">\n\t\t\t<h4 class=\"accordion-title\">\n\t\t\t\t<a class=\"collapsed\" data-toggle=\"collapse\" data-parent=\"#vc_accordion_69fe2a79920df\" href=\"#1601834176223-a1ef2746-a991\" aria-expanded=\"false\" aria-controls=\"1601834176223-a1ef2746-a991\">\n\t\t\t\t\t\n\t\t\t\t\t\n\t\t\t\t\tOtros Organismos\n\t\t\t\t\t\t\t\t\t\t<span class=\"accordion-expander\">\n\t\t\t\t\t\t<i class=\"fas fa-angle-down\"><\/i>\n\t\t\t\t\t\t<i class=\"fas fa-angle-down\"><\/i>\n\t\t\t\t\t<\/span>\n\t\t\t\t\t\n\t\t\t\t<\/a>\n\t\t\t\t\n\t\t\t<\/h4>\n\t\t<\/div>\n\n\t\t<div id=\"1601834176223-a1ef2746-a991\" class=\"accordion-collapse collapse\" role=\"tabpanel\" aria-labelledby=\"heading_1601834176223-a1ef2746-a991\">\n\t\t\t<div class=\"accordion-content\">\n\t\t\t<p>[vc_column_text]<iframe loading=\"lazy\" style=\"border: 0;\" src=\"https:\/\/datastudio.google.com\/embed\/reporting\/9a72b4b5-7642-4674-ab19-765de5205361\/page\/m3AiB\" width=\"1200\" height=\"180\" frameborder=\"0\" allowfullscreen=\"allowfullscreen\"><\/iframe>[\/vc_column_text]<\/p>\n\t\t\t<\/div>\n\t\t<\/div>\n\t<\/div>\n<\/div><div class=\"accordion accordion-md accordion-body-bordered accordion-expander-left accordion-expander-lg vc_accordion_69fe2a7992367\" id=\"vc_accordion_69fe2a7992367\" role=\"tablist\" aria-multiselectable=\"true\">\n\n\t<div class=\"accordion-item panel  active \">\n\n\t\t<div class=\"accordion-heading\" role=\"tab\" id=\"heading_ld-1601832269678-5c8a7365-1de2\">\n\t\t\t<h4 class=\"accordion-title\">\n\t\t\t\t<a class=\"\" data-toggle=\"collapse\" data-parent=\"#vc_accordion_69fe2a7992367\" href=\"#ld-1601832269678-5c8a7365-1de2\" aria-expanded=\"true\" aria-controls=\"ld-1601832269678-5c8a7365-1de2\">\n\t\t\t\t\t\n\t\t\t\t\t\n\t\t\t\t\tGQUAL Ranking 2022\n\t\t\t\t\t\t\t\t\t\t<span class=\"accordion-expander\">\n\t\t\t\t\t\t<i class=\"fas fa-angle-down\"><\/i>\n\t\t\t\t\t\t<i class=\"fas fa-angle-down\"><\/i>\n\t\t\t\t\t<\/span>\n\t\t\t\t\t\n\t\t\t\t<\/a>\n\t\t\t\t\n\t\t\t<\/h4>\n\t\t<\/div>\n\n\t\t<div id=\"ld-1601832269678-5c8a7365-1de2\" class=\"accordion-collapse collapse in\" role=\"tabpanel\" aria-labelledby=\"heading_ld-1601832269678-5c8a7365-1de2\">\n\t\t\t<div class=\"accordion-content\">\n\t\t\t<p>[vc_column_text]GQUAL realiza una vez por a\u00f1o un ranking mundial en el que se muestra la cantidad de nacionales por pa\u00edses que ocupan puestos en los organismos internacionales desagregados por g\u00e9nero.<\/p>\n<p>Dado que no es informaci\u00f3n f\u00e1cilmente accesible, el ranking no refleja las nominaciones que pudieran haber impulsado los Estados pero que no resultaron en puestos electos. Sin embargo, al mirar las personas efectivamente electas de cada pa\u00eds obtenemos una clara muestra de la tendencia de la gran mayor\u00eda de Estados de nominar m\u00e1s hombres que mujeres a los puestos internacionales.<\/p>\n<p>[vc_column_text]<iframe loading=\"lazy\" style=\"border: 0;\" src=\"https:\/\/datastudio.google.com\/embed\/reporting\/22ea8bb4-8018-474d-993c-fb77a18d2573\/page\/Ix1gB\" width=\"450\" height=\"600\" frameborder=\"0\" allowfullscreen=\"allowfullscreen\"><\/iframe>[\/vc_column_text]<\/p>\n\t\t\t<\/div>\n\t\t<\/div>\n\t<\/div>\n\t<div class=\"accordion-item panel  \">\n\n\t\t<div class=\"accordion-heading\" role=\"tab\" id=\"heading_ld-1601832269711-9ec6b630-66ba\">\n\t\t\t<h4 class=\"accordion-title\">\n\t\t\t\t<a class=\"collapsed\" data-toggle=\"collapse\" data-parent=\"#vc_accordion_69fe2a7992367\" href=\"#ld-1601832269711-9ec6b630-66ba\" aria-expanded=\"false\" aria-controls=\"ld-1601832269711-9ec6b630-66ba\">\n\t\t\t\t\t\n\t\t\t\t\t\n\t\t\t\t\tGQUAL Ranking Regional 2022\n\t\t\t\t\t\t\t\t\t\t<span class=\"accordion-expander\">\n\t\t\t\t\t\t<i class=\"fas fa-angle-down\"><\/i>\n\t\t\t\t\t\t<i class=\"fas fa-angle-down\"><\/i>\n\t\t\t\t\t<\/span>\n\t\t\t\t\t\n\t\t\t\t<\/a>\n\t\t\t\t\n\t\t\t<\/h4>\n\t\t<\/div>\n\n\t\t<div id=\"ld-1601832269711-9ec6b630-66ba\" class=\"accordion-collapse collapse\" role=\"tabpanel\" aria-labelledby=\"heading_ld-1601832269711-9ec6b630-66ba\">\n\t\t\t<div class=\"accordion-content\">\n\t\t\t<p>[vc_column_text]GQUAL realiza una vez por a\u00f1o un ranking sobre la participaci\u00f3n de nacionales en organismos internacionales y estudiamos su representaci\u00f3n a nivel regional desagregada por g\u00e9nero. Para este an\u00e1lisis consideramos las regiones de participaci\u00f3n en Naciones Unidas (\u00c1frica, Asia-Pac\u00edfico, Am\u00e9rica Latina y el Caribe, Europa Oriental, Europa Occidental y Otros).[\/vc_column_text][vc_column_text]<iframe loading=\"lazy\" style=\"border: 0;\" src=\"https:\/\/datastudio.google.com\/embed\/reporting\/db025d21-cd98-4be2-b1f8-5a09ee10c528\/page\/og2gB\" width=\"630\" height=\"260\" frameborder=\"0\" allowfullscreen=\"allowfullscreen\"><\/iframe>[\/vc_column_text]<\/p>\n\t\t\t<\/div>\n\t\t<\/div>\n\t<\/div>\n<\/div>[\/vc_column][\/vc_row]<\/p>\n<\/section>","protected":false},"excerpt":{"rendered":"<p>[vc_row content_placement=&#8221;middle&#8221; parallax=&#8221;enable_parallax&#8221; enable_overlay=&#8221;yes&#8221; css=&#8221;.vc_custom_1598816071952{background-image: url(http:\/\/www.gqualcampaign.org\/old\/wp-content\/uploads\/2020\/08\/Corte-Interamericana-de-Derechos-Humanos-2020.png?id=7384) !important;background-position: center;background-repeat: no-repeat;background-size:cover;}&#8221; overlay_bg=&#8221;rgba(0, 0, 0, 0.65)&#8221;][vc_column][vc_custom_heading text=&#8221;\u00bfD\u00f3nde est\u00e1n&#8230;<\/p>\n","protected":false},"author":1,"featured_media":0,"parent":0,"menu_order":0,"comment_status":"closed","ping_status":"closed","template":"","meta":[],"_links":{"self":[{"href":"https:\/\/www.gqualcampaign.org\/old\/wp-json\/wp\/v2\/pages\/7381"}],"collection":[{"href":"https:\/\/www.gqualcampaign.org\/old\/wp-json\/wp\/v2\/pages"}],"about":[{"href":"https:\/\/www.gqualcampaign.org\/old\/wp-json\/wp\/v2\/types\/page"}],"author":[{"embeddable":true,"href":"https:\/\/www.gqualcampaign.org\/old\/wp-json\/wp\/v2\/users\/1"}],"replies":[{"embeddable":true,"href":"https:\/\/www.gqualcampaign.org\/old\/wp-json\/wp\/v2\/comments?post=7381"}],"version-history":[{"count":10,"href":"https:\/\/www.gqualcampaign.org\/old\/wp-json\/wp\/v2\/pages\/7381\/revisions"}],"predecessor-version":[{"id":8938,"href":"https:\/\/www.gqualcampaign.org\/old\/wp-json\/wp\/v2\/pages\/7381\/revisions\/8938"}],"wp:attachment":[{"href":"https:\/\/www.gqualcampaign.org\/old\/wp-json\/wp\/v2\/media?parent=7381"}],"curies":[{"name":"wp","href":"https:\/\/api.w.org\/{rel}","templated":true}]}}