{"id":7689,"date":"2020-09-26T16:25:00","date_gmt":"2020-09-26T16:25:00","guid":{"rendered":"http:\/\/www.gqualcampaign.org\/old\/?page_id=7689"},"modified":"2023-04-06T17:07:43","modified_gmt":"2023-04-06T17:07:43","slug":"membresia","status":"publish","type":"page","link":"https:\/\/www.gqualcampaign.org\/old\/comunidad\/membresia\/","title":{"rendered":"Membres\u00eda\/ boletines"},"content":{"rendered":"<section class=\"wpb-content-wrapper\"><p>[vc_row content_placement=&#8221;middle&#8221; parallax=&#8221;enable_parallax&#8221; enable_overlay=&#8221;yes&#8221; css=&#8221;.vc_custom_1601838075224{background-image: url(http:\/\/www.gqualcampaign.org\/old\/wp-content\/uploads\/2020\/09\/1708934329.png?id=7539) !important;background-position: center;background-repeat: no-repeat;background-size:cover !important;}&#8221; overlay_bg=&#8221;rgba(0, 0, 0, 0.65)&#8221;][vc_column][vc_custom_heading text=&#8221;Membres\u00eda GQUAL&#8221; font_container=&#8221;tag:h1|font_size:80px|text_align:left|color:%23ffffff&#8221; css=&#8221;.vc_custom_1659033074956{padding-top: 130px !important;padding-bottom: 130px !important;}&#8221;][\/vc_column][\/vc_row][vc_row][vc_column][vc_column_text]<\/p>\n<h2><\/h2>\n<h2>Te invitamos a ser parte de esta campa\u00f1a global<\/h2>\n<p>&nbsp;<\/p>\n<p>[\/vc_column_text][\/vc_column][\/vc_row][vc_row][vc_column][vc_column_text]<\/p>\n<p>Estamos construyendo una comunidad de intercambio y construcci\u00f3n de informaci\u00f3n, conocimiento y oportunidades para promover que m\u00e1s mujeres puedan acceder a puestos en los mecanismos y \u00f3rganos de justicia internacional.<\/p>\n<p>Juntas\/os podemos lograr la paridad de g\u00e9nero en la justicia internacional. Recibir\u00e1s informaci\u00f3n actualizada sobre las acciones que realizamos, las vacantes disponibles y pr\u00f3ximas elecciones a puestos, as\u00ed como an\u00e1lisis, datos e invitaciones a eventos relacionados con la campa\u00f1a.[\/vc_column_text][\/vc_column][\/vc_row][vc_row][vc_column][vc_column_text]<\/p>\n<h4><\/h4>\n<h4>Llena el siguiente formulario y pronto recibir\u00e1s noticias de la Campa\u00f1a GQUAL.<\/h4>\n<p>[\/vc_column_text][\/vc_column][\/vc_row][vc_row][vc_column width=&#8221;1\/2&#8243;][vc_raw_html]JTNDJTIxLS0lMjBCZWdpbiUyME1haWxjaGltcCUyMFNpZ251cCUyMEZvcm0lMjAtLSUzRSUwQSUzQ2xpbmslMjBocmVmJTNEJTIyJTJGJTJGY2RuLWltYWdlcy5tYWlsY2hpbXAuY29tJTJGZW1iZWRjb2RlJTJGY2xhc3NpYy0xMF83X2R0cC5jc3MlMjIlMjByZWwlM0QlMjJzdHlsZXNoZWV0JTIyJTIwdHlwZSUzRCUyMnRleHQlMkZjc3MlMjIlM0UlMEElM0NzdHlsZSUyMHR5cGUlM0QlMjJ0ZXh0JTJGY3NzJTIyJTNFJTBBJTA5JTIzbWNfZW1iZWRfc2lnbnVwJTdCYmFja2dyb3VuZCUzQSUyM2ZmZiUzQiUyMGNsZWFyJTNBbGVmdCUzQiUyMGZvbnQlM0ExNHB4JTIwSGVsdmV0aWNhJTJDQXJpYWwlMkNzYW5zLXNlcmlmJTNCJTIwJTIwd2lkdGglM0E3MDBweCUzQiU3RCUwQSUwOSUyRiUyQSUyMEFkZCUyMHlvdXIlMjBvd24lMjBNYWlsY2hpbXAlMjBmb3JtJTIwc3R5bGUlMjBvdmVycmlkZXMlMjBpbiUyMHlvdXIlMjBzaXRlJTIwc3R5bGVzaGVldCUyMG9yJTIwaW4lMjB0aGlzJTIwc3R5bGUlMjBibG9jay4lMEElMDklMjAlMjAlMjBXZSUyMHJlY29tbWVuZCUyMG1vdmluZyUyMHRoaXMlMjBibG9jayUyMGFuZCUyMHRoZSUyMHByZWNlZGluZyUyMENTUyUyMGxpbmslMjB0byUyMHRoZSUyMEhFQUQlMjBvZiUyMHlvdXIlMjBIVE1MJTIwZmlsZS4lMjAlMkElMkYlMEElM0MlMkZzdHlsZSUzRSUwQSUzQ3N0eWxlJTIwdHlwZSUzRCUyMnRleHQlMkZjc3MlMjIlM0UlMEElMDklMjNtYy1lbWJlZGRlZC1zdWJzY3JpYmUtZm9ybSUyMGlucHV0JTVCdHlwZSUzRGNoZWNrYm94JTVEJTdCZGlzcGxheSUzQSUyMGlubGluZSUzQiUyMHdpZHRoJTNBJTIwYXV0byUzQm1hcmdpbi1yaWdodCUzQSUyMDEwcHglM0IlN0QlMEElMDklMjNtZXJnZVJvdy1nZHByJTIwJTdCbWFyZ2luLXRvcCUzQSUyMDE1cHglM0IlN0QlMEElMDklMjNtZXJnZVJvdy1nZHByJTIwZmllbGRzZXQlMjBsYWJlbCUyMCU3QmZvbnQtd2VpZ2h0JTNBJTIwbm9ybWFsJTNCJTdEJTBBJTA5JTIzbWMtZW1iZWRkZWQtc3Vic2NyaWJlLWZvcm0lMjAubWNfZmllbGRzZXQlN0Jib3JkZXIlM0Fub25lJTNCbWluLWhlaWdodCUzQSUyMDBweCUzQnBhZGRpbmctYm90dG9tJTNBMHB4JTNCJTdEJTBBJTNDJTJGc3R5bGUlM0UlMEElM0NkaXYlMjBpZCUzRCUyMm1jX2VtYmVkX3NpZ251cCUyMiUzRSUwQSUzQ2Zvcm0lMjBhY3Rpb24lM0QlMjJodHRwcyUzQSUyRiUyRmdxdWFsY2FtcGFpZ24udXMxNC5saXN0LW1hbmFnZS5jb20lMkZzdWJzY3JpYmUlMkZwb3N0JTNGdSUzRDkwZGQ1M2E4ODNkOTY2MzRkMGQ0NjZkM2IlMjZhbXAlM0JpZCUzRDU4YjdlNWE1MzklMjIlMjBtZXRob2QlM0QlMjJwb3N0JTIyJTIwaWQlM0QlMjJtYy1lbWJlZGRlZC1zdWJzY3JpYmUtZm9ybSUyMiUyMG5hbWUlM0QlMjJtYy1lbWJlZGRlZC1zdWJzY3JpYmUtZm9ybSUyMiUyMGNsYXNzJTNEJTIydmFsaWRhdGUlMjIlMjB0YXJnZXQlM0QlMjJfYmxhbmslMjIlMjBub3ZhbGlkYXRlJTNFJTBBJTIwJTIwJTIwJTIwJTNDZGl2JTIwaWQlM0QlMjJtY19lbWJlZF9zaWdudXBfc2Nyb2xsJTIyJTNFJTBBJTNDZGl2JTIwY2xhc3MlM0QlMjJpbmRpY2F0ZXMtcmVxdWlyZWQlMjIlM0UlM0NzcGFuJTIwY2xhc3MlM0QlMjJhc3RlcmlzayUyMiUzRSUyQSUzQyUyRnNwYW4lM0UlMjBpbmRpY2F0ZXMlMjByZXF1aXJlZCUzQyUyRmRpdiUzRSUwQSUzQ2RpdiUyMGNsYXNzJTNEJTIybWMtZmllbGQtZ3JvdXAlMjIlM0UlMEElMDklM0NsYWJlbCUyMGZvciUzRCUyMm1jZS1FTUFJTCUyMiUzRUVtYWlsJTJGQ29ycmVvJTIwJTIwJTNDc3BhbiUyMGNsYXNzJTNEJTIyYXN0ZXJpc2slMjIlM0UlMkElM0MlMkZzcGFuJTNFJTBBJTNDJTJGbGFiZWwlM0UlMEElMDklM0NpbnB1dCUyMHR5cGUlM0QlMjJlbWFpbCUyMiUyMHZhbHVlJTNEJTIyJTIyJTIwbmFtZSUzRCUyMkVNQUlMJTIyJTIwY2xhc3MlM0QlMjJyZXF1aXJlZCUyMGVtYWlsJTIyJTIwaWQlM0QlMjJtY2UtRU1BSUwlMjIlM0UlMEElM0MlMkZkaXYlM0UlMEElM0NkaXYlMjBjbGFzcyUzRCUyMm1jLWZpZWxkLWdyb3VwJTIyJTNFJTBBJTA5JTNDbGFiZWwlMjBmb3IlM0QlMjJtY2UtRk5BTUUlMjIlM0VGaXJzdCUyME5hbWUlMkZOb21icmUlMjAlMjAlM0NzcGFuJTIwY2xhc3MlM0QlMjJhc3RlcmlzayUyMiUzRSUyQSUzQyUyRnNwYW4lM0UlMEElM0MlMkZsYWJlbCUzRSUwQSUwOSUzQ2lucHV0JTIwdHlwZSUzRCUyMnRleHQlMjIlMjB2YWx1ZSUzRCUyMiUyMiUyMG5hbWUlM0QlMjJGTkFNRSUyMiUyMGNsYXNzJTNEJTIycmVxdWlyZWQlMjIlMjBpZCUzRCUyMm1jZS1GTkFNRSUyMiUzRSUwQSUzQyUyRmRpdiUzRSUwQSUzQ2RpdiUyMGNsYXNzJTNEJTIybWMtZmllbGQtZ3JvdXAlMjIlM0UlMEElMDklM0NsYWJlbCUyMGZvciUzRCUyMm1jZS1MTkFNRSUyMiUzRUxhc3QlMjBOYW1lJTJGQXBlbGxpZG8lMjAlMjAlM0NzcGFuJTIwY2xhc3MlM0QlMjJhc3RlcmlzayUyMiUzRSUyQSUzQyUyRnNwYW4lM0UlMEElM0MlMkZsYWJlbCUzRSUwQSUwOSUzQ2lucHV0JTIwdHlwZSUzRCUyMnRleHQlMjIlMjB2YWx1ZSUzRCUyMiUyMiUyMG5hbWUlM0QlMjJMTkFNRSUyMiUyMGNsYXNzJTNEJTIycmVxdWlyZWQlMjIlMjBpZCUzRCUyMm1jZS1MTkFNRSUyMiUzRSUwQSUzQyUyRmRpdiUzRSUwQSUzQ2RpdiUyMGNsYXNzJTNEJTIybWMtZmllbGQtZ3JvdXAlMjIlM0UlMEElMDklM0NsYWJlbCUyMGZvciUzRCUyMm1jZS1PUkclMjIlM0VPcmdhbml6YXRpb24lMkZPcmdhbml6YWNpJUMzJUIzbiUyMCUyMCUzQ3NwYW4lMjBjbGFzcyUzRCUyMmFzdGVyaXNrJTIyJTNFJTJBJTNDJTJGc3BhbiUzRSUwQSUzQyUyRmxhYmVsJTNFJTBBJTA5JTNDaW5wdXQlMjB0eXBlJTNEJTIydGV4dCUyMiUyMHZhbHVlJTNEJTIyJTIyJTIwbmFtZSUzRCUyMk9SRyUyMiUyMGNsYXNzJTNEJTIycmVxdWlyZWQlMjIlMjBpZCUzRCUyMm1jZS1PUkclMjIlM0UlMEElM0MlMkZkaXYlM0UlMEElM0NkaXYlMjBjbGFzcyUzRCUyMm1jLWZpZWxkLWdyb3VwJTIyJTNFJTBBJTA5JTNDbGFiZWwlMjBmb3IlM0QlMjJtY2UtTU1FUkdFNCUyMiUzRUdyb3VwJTJGR3J1cG8lMjAlM0MlMkZsYWJlbCUzRSUwQSUwOSUzQ3NlbGVjdCUyMG5hbWUlM0QlMjJNTUVSR0U0JTIyJTIwY2xhc3MlM0QlMjIlMjIlMjBpZCUzRCUyMm1jZS1NTUVSR0U0JTIyJTNFJTBBJTA5JTNDb3B0aW9uJTIwdmFsdWUlM0QlMjIlMjIlM0UlM0MlMkZvcHRpb24lM0UlMEElMDklM0NvcHRpb24lMjB2YWx1ZSUzRCUyMk5HTyUyMiUzRU5HTyUzQyUyRm9wdGlvbiUzRSUwQSUzQ29wdGlvbiUyMHZhbHVlJTNEJTIyR292ZXJubWVudCUyMiUzRUdvdmVybm1lbnQlM0MlMkZvcHRpb24lM0UlMEElM0NvcHRpb24lMjB2YWx1ZSUzRCUyMkludGVybmF0aW9uYWwlMjBPcmdhbml6YXRpb24lMjIlM0VJbnRlcm5hdGlvbmFsJTIwT3JnYW5pemF0aW9uJTNDJTJGb3B0aW9uJTNFJTBBJTNDb3B0aW9uJTIwdmFsdWUlM0QlMjJBY2FkZW15JTIyJTNFQWNhZGVteSUzQyUyRm9wdGlvbiUzRSUwQSUzQ29wdGlvbiUyMHZhbHVlJTNEJTIyT3RoZXIlMjIlM0VPdGhlciUzQyUyRm9wdGlvbiUzRSUwQSUwQSUwOSUzQyUyRnNlbGVjdCUzRSUwQSUzQyUyRmRpdiUzRSUwQSUzQ2RpdiUyMGNsYXNzJTNEJTIybWMtZmllbGQtZ3JvdXAlMjIlM0UlMEElMDklM0NsYWJlbCUyMGZvciUzRCUyMm1jZS1USVRMRSUyMiUzRVRpdGxlJTJGUHVlc3RvJTIwJTNDJTJGbGFiZWwlM0UlMEElMDklM0NpbnB1dCUyMHR5cGUlM0QlMjJ0ZXh0JTIyJTIwdmFsdWUlM0QlMjIlMjIlMjBuYW1lJTNEJTIyVElUTEUlMjIlMjBjbGFzcyUzRCUyMiUyMiUyMGlkJTNEJTIybWNlLVRJVExFJTIyJTNFJTBBJTNDJTJGZGl2JTNFJTBBJTNDZGl2JTIwY2xhc3MlM0QlMjJtYy1maWVsZC1ncm91cCUyMiUzRSUwQSUwOSUzQ2xhYmVsJTIwZm9yJTNEJTIybWNlLUNPVU5UUlklMjIlM0VDb3VudHJ5JTJGUGElQzMlQURzJTIwJTNDJTJGbGFiZWwlM0UlMEElMDklM0NpbnB1dCUyMHR5cGUlM0QlMjJ0ZXh0JTIyJTIwdmFsdWUlM0QlMjIlMjIlMjBuYW1lJTNEJTIyQ09VTlRSWSUyMiUyMGNsYXNzJTNEJTIyJTIyJTIwaWQlM0QlMjJtY2UtQ09VTlRSWSUyMiUzRSUwQSUzQyUyRmRpdiUzRSUwQSUzQ2RpdiUyMGNsYXNzJTNEJTIybWMtZmllbGQtZ3JvdXAlMjIlM0UlMEElMDklM0NsYWJlbCUyMGZvciUzRCUyMm1jZS1NTUVSR0U3JTIyJTNFUHJlZmVycmVkJTIwTGFuZ3VhZ2UlMkZJZGlvbWElMjAlM0MlMkZsYWJlbCUzRSUwQSUwOSUzQ3NlbGVjdCUyMG5hbWUlM0QlMjJNTUVSR0U3JTIyJTIwY2xhc3MlM0QlMjIlMjIlMjBpZCUzRCUyMm1jZS1NTUVSR0U3JTIyJTNFJTBBJTA5JTNDb3B0aW9uJTIwdmFsdWUlM0QlMjIlMjIlM0UlM0MlMkZvcHRpb24lM0UlMEElMDklM0NvcHRpb24lMjB2YWx1ZSUzRCUyMkVuZ2xpc2glMjIlM0VFbmdsaXNoJTNDJTJGb3B0aW9uJTNFJTBBJTNDb3B0aW9uJTIwdmFsdWUlM0QlMjJTcGFuaXNoJTIyJTNFU3BhbmlzaCUzQyUyRm9wdGlvbiUzRSUwQSUwQSUwOSUzQyUyRnNlbGVjdCUzRSUwQSUzQyUyRmRpdiUzRSUwQSUzQ2RpdiUyMGlkJTNEJTIybWVyZ2VSb3ctZ2RwciUyMiUyMGNsYXNzJTNEJTIybWVyZ2VSb3clMjBnZHByLW1lcmdlUm93JTIwY29udGVudF9fZ2RwckJsb2NrJTIwbWMtZmllbGQtZ3JvdXAlMjIlM0UlMEElMjAlMjAlMjAlMjAlM0NkaXYlMjBjbGFzcyUzRCUyMmNvbnRlbnRfX2dkcHIlMjIlM0UlMEElMjAlMjAlMjAlMjAlMjAlMjAlMjAlMjAlMEElMjAlMjAlMjAlMjAlMjAlMjAlMjAlMjAlM0MlMkZmaWVsZHNldCUzRSUwQSUyMCUyMCUyMCUyMCUyMCUyMCUyMCUyMCUzQ3AlM0VVc3RlZCUyMHBvZHIlQzMlQTElMjBkZXMlMjBpbnNjcmliaXJzZSUyMGVuJTIwY3VhbHF1aWVyJTIwbW9tZW50byUyMGVuJTIwZWwlMjBlbmxhY2UlMjBlbiUyMGVsJTIwcGllJTIwZGUlMjBwJUMzJUExZ2luYSUyMGRlJTIwbnVlc3Ryb3MlMjBjb3JyZW9zJTIwZWxlY3RyJUMzJUIzbmljb3MuJTNDJTJGcCUzRSUwQSUyMCUyMCUyMCUyMCUzQyUyRmRpdiUzRSUwQSUyMCUyMCUyMCUyMCUzQ2RpdiUyMGNsYXNzJTNEJTIyY29udGVudF9fZ2RwckxlZ2FsJTIyJTNFJTBBJTIwJTIwJTIwJTIwJTIwJTIwJTIwJTIwJTNDcCUzRUFsJTIwc3VzY3JpYmlyc2UlMkMlMjB1c3RlZCUyMGFjZXB0YSUyMHF1ZSUyMHN1JTIwaW5mb3JtYWNpJUMzJUIzbiUyMHNlJTIwdHJhbnNmZXJpciVDMyVBMSUyMGElMjBHUVVBTCUyQyUyMHNvbG8lMjBwYXJhJTIwbG9zJTIwZmluZXMlMjBkZSUyMGVzdGElMjBjYW1wYSVDMyVCMWEuJTIwTGElMjBDYW1wYSVDMyVCMWElMjBHUVVBTCUyMGZvcm1hJTIwcGFydGUlMjBkZSUyMGxhcyUyMGluaWNpYXRpdmFzJTIwZGUlMjBDRUpJTC4lMjAlM0NhJTIwaHJlZiUzRCUyMmh0dHBzJTNBJTJGJTJGbWFpbGNoaW1wLmNvbSUyRmxlZ2FsJTJGdGVybXMlMjIlMjB0YXJnZXQlM0QlMjJfYmxhbmslMjIlM0VMZWFybiUyMG1vcmUlMjBhYm91dCUyME1haWxjaGltcCUyN3MlMjBwcml2YWN5JTIwcHJhY3RpY2VzJTIwaGVyZS4lM0MlMkZhJTNFJTNDJTJGcCUzRSUwQSUyMCUyMCUyMCUyMCUzQyUyRmRpdiUzRSUwQSUzQyUyRmRpdiUzRSUwQSUwOSUzQ2RpdiUyMGlkJTNEJTIybWNlLXJlc3BvbnNlcyUyMiUyMGNsYXNzJTNEJTIyY2xlYXIlMjBmb290JTIyJTNFJTBBJTA5JTA5JTNDZGl2JTIwY2xhc3MlM0QlMjJyZXNwb25zZSUyMiUyMGlkJTNEJTIybWNlLWVycm9yLXJlc3BvbnNlJTIyJTIwc3R5bGUlM0QlMjJkaXNwbGF5JTNBbm9uZSUyMiUzRSUzQyUyRmRpdiUzRSUwQSUwOSUwOSUzQ2RpdiUyMGNsYXNzJTNEJTIycmVzcG9uc2UlMjIlMjBpZCUzRCUyMm1jZS1zdWNjZXNzLXJlc3BvbnNlJTIyJTIwc3R5bGUlM0QlMjJkaXNwbGF5JTNBbm9uZSUyMiUzRSUzQyUyRmRpdiUzRSUwQSUwOSUzQyUyRmRpdiUzRSUyMCUyMCUyMCUyMCUzQyUyMS0tJTIwcmVhbCUyMHBlb3BsZSUyMHNob3VsZCUyMG5vdCUyMGZpbGwlMjB0aGlzJTIwaW4lMjBhbmQlMjBleHBlY3QlMjBnb29kJTIwdGhpbmdzJTIwLSUyMGRvJTIwbm90JTIwcmVtb3ZlJTIwdGhpcyUyMG9yJTIwcmlzayUyMGZvcm0lMjBib3QlMjBzaWdudXBzLS0lM0UlMEElMjAlMjAlMjAlMjAlM0NkaXYlMjBzdHlsZSUzRCUyMnBvc2l0aW9uJTNBJTIwYWJzb2x1dGUlM0IlMjBsZWZ0JTNBJTIwLTUwMDBweCUzQiUyMiUyMGFyaWEtaGlkZGVuJTNEJTIydHJ1ZSUyMiUzRSUzQ2lucHV0JTIwdHlwZSUzRCUyMnRleHQlMjIlMjBuYW1lJTNEJTIyYl85MGRkNTNhODgzZDk2NjM0ZDBkNDY2ZDNiXzU4YjdlNWE1MzklMjIlMjB0YWJpbmRleCUzRCUyMi0xJTIyJTIwdmFsdWUlM0QlMjIlMjIlM0UlM0MlMkZkaXYlM0UlMEElMjAlMjAlMjAlMjAlMjAlMjAlMjAlMjAlM0NkaXYlMjBjbGFzcyUzRCUyMm9wdGlvbmFsUGFyZW50JTIyJTNFJTBBJTIwJTIwJTIwJTIwJTIwJTIwJTIwJTIwJTIwJTIwJTIwJTIwJTNDZGl2JTIwY2xhc3MlM0QlMjJjbGVhciUyMGZvb3QlMjIlM0UlMEElMjAlMjAlMjAlMjAlMjAlMjAlMjAlMjAlMjAlMjAlMjAlMjAlMjAlMjAlMjAlMjAlM0NpbnB1dCUyMHR5cGUlM0QlMjJzdWJtaXQlMjIlMjB2YWx1ZSUzRCUyMkVudmlhciUyMiUyMG5hbWUlM0QlMjJTdWJzY3JpYmUlMjIlMjBpZCUzRCUyMm1jLWVtYmVkZGVkLXN1YnNjcmliZSUyMiUyMGNsYXNzJTNEJTIyYnV0dG9uJTIyJTNFJTBBJTIwJTIwJTIwJTIwJTIwJTIwJTIwJTIwJTIwJTIwJTIwJTIwJTIwJTIwJTIwJTIwJTNDcCUyMGNsYXNzJTNEJTIyYnJhbmRpbmdMb2dvJTIyJTNFJTNDYSUyMGhyZWYlM0QlMjJodHRwJTNBJTJGJTJGZWVwdXJsLmNvbSUyRmg0SHNzVCUyMiUyMHRpdGxlJTNEJTIyTWFpbGNoaW1wJTIwLSUyMGVtYWlsJTIwbWFya2V0aW5nJTIwbWFkZSUyMGVhc3klMjBhbmQlMjBmdW4lMjIlM0UlM0NpbWclMjBzcmMlM0QlMjJodHRwcyUzQSUyRiUyRmVlcC5pbyUyRm1jLWNkbi1pbWFnZXMlMkZ0ZW1wbGF0ZV9pbWFnZXMlMkZicmFuZGluZ19sb2dvX3RleHRfZGFya19kdHAuc3ZnJTIyJTNFJTNDJTJGYSUzRSUzQyUyRnAlM0UlMEElMjAlMjAlMjAlMjAlMjAlMjAlMjAlMjAlMjAlMjAlMjAlMjAlM0MlMkZkaXYlM0UlMEElMjAlMjAlMjAlMjAlMjAlMjAlMjAlMjAlM0MlMkZkaXYlM0UlMEElMjAlMjAlMjAlMjAlM0MlMkZkaXYlM0UlMEElM0MlMkZmb3JtJTNFJTBBJTNDJTJGZGl2JTNFJTBBJTNDc2NyaXB0JTIwdHlwZSUzRCUyN3RleHQlMkZqYXZhc2NyaXB0JTI3JTIwc3JjJTNEJTI3JTJGJTJGczMuYW1hem9uYXdzLmNvbSUyRmRvd25sb2Fkcy5tYWlsY2hpbXAuY29tJTJGanMlMkZtYy12YWxpZGF0ZS5qcyUyNyUzRSUzQyUyRnNjcmlwdCUzRSUzQ3NjcmlwdCUyMHR5cGUlM0QlMjd0ZXh0JTJGamF2YXNjcmlwdCUyNyUzRSUyOGZ1bmN0aW9uJTI4JTI0JTI5JTIwJTdCd2luZG93LmZuYW1lcyUyMCUzRCUyMG5ldyUyMEFycmF5JTI4JTI5JTNCJTIwd2luZG93LmZ0eXBlcyUyMCUzRCUyMG5ldyUyMEFycmF5JTI4JTI5JTNCZm5hbWVzJTVCMCU1RCUzRCUyN0VNQUlMJTI3JTNCZnR5cGVzJTVCMCU1RCUzRCUyN2VtYWlsJTI3JTNCZm5hbWVzJTVCMSU1RCUzRCUyN0ZOQU1FJTI3JTNCZnR5cGVzJTVCMSU1RCUzRCUyN3RleHQlMjclM0JmbmFtZXMlNUIyJTVEJTNEJTI3TE5BTUUlMjclM0JmdHlwZXMlNUIyJTVEJTNEJTI3dGV4dCUyNyUzQmZuYW1lcyU1QjMlNUQlM0QlMjdPUkclMjclM0JmdHlwZXMlNUIzJTVEJTNEJTI3dGV4dCUyNyUzQmZuYW1lcyU1QjQlNUQlM0QlMjdNTUVSR0U0JTI3JTNCZnR5cGVzJTVCNCU1RCUzRCUyN2Ryb3Bkb3duJTI3JTNCZm5hbWVzJTVCNSU1RCUzRCUyN1RJVExFJTI3JTNCZnR5cGVzJTVCNSU1RCUzRCUyN3RleHQlMjclM0JmbmFtZXMlNUI2JTVEJTNEJTI3Q09VTlRSWSUyNyUzQmZ0eXBlcyU1QjYlNUQlM0QlMjd0ZXh0JTI3JTNCZm5hbWVzJTVCNyU1RCUzRCUyN01NRVJHRTclMjclM0JmdHlwZXMlNUI3JTVEJTNEJTI3ZHJvcGRvd24lMjclM0IlN0QlMjhqUXVlcnklMjklMjklM0J2YXIlMjAlMjRtY2olMjAlM0QlMjBqUXVlcnkubm9Db25mbGljdCUyOHRydWUlMjklM0IlM0MlMkZzY3JpcHQlM0UlMEElM0MlMjEtLUVuZCUyMG1jX2VtYmVkX3NpZ251cC0tJTNF[\/vc_raw_html][vc_column_text]<\/p>\n<h2>Boletines \/ Newsletters<\/h2>\n<h5>2023<\/h5>\n<ul>\n<li><a href=\"https:\/\/mailchi.mp\/cejil\/boletin-marzo1\">Enero-marzo 2023<\/a><\/li>\n<\/ul>\n<h5>2022<\/h5>\n<ul>\n<li><a href=\"https:\/\/mailchi.mp\/056402791290\/se-termina-un-gran-2022\">Diciembre: Termina un gran 2022<\/a><\/li>\n<li><a href=\"https:\/\/mailchi.mp\/03b4599fad16\/16dias-noticias-sobre-paridad-de-gnero\">Diciembre: 16 d\u00edas de activismo<\/a><\/li>\n<li><a href=\"https:\/\/mailchi.mp\/e3a1b39de056\/boletn-informativo-gqual-mayo-junio\">Mayo-Junio 2022<\/a><\/li>\n<\/ul>\n<h5><b>2019\u00a0<\/b><\/h5>\n<ul>\n<li><a href=\"http:\/\/salsa3.salsalabs.com\/o\/50966\/t\/0\/blastContent.jsp?email_blast_KEY=1400504\"><span style=\"font-weight: 400;\">Enero-Mayo 2019<\/span><\/a><\/li>\n<li><a href=\"https:\/\/cejil.salsalabs.org\/gqualnewsletter2019\">Junio-Diciembre 2019<\/a><\/li>\n<li><a href=\"http:\/\/www.gqualcampaign.org\/old\/wp-content\/uploads\/2019\/12\/edited-GQUAL-2019-activities-hyperlink3.pdf?eType=EmailBlastContent&amp;eId=842a7fc4-2155-4dca-ae65-5ac12b77e091\">Reporte de fin de a\u00f1o 2019<\/a><\/li>\n<\/ul>\n<h5><b>2017\u00a0<\/b><\/h5>\n<ul>\n<li><a href=\"http:\/\/salsa3.salsalabs.com\/o\/50966\/t\/0\/blastContent.jsp?email_blast_KEY=1375399\"><span style=\"font-weight: 400;\">Marzo- Julio 2017<\/span><\/a><\/li>\n<li><a href=\"http:\/\/salsa3.salsalabs.com\/o\/50966\/t\/0\/blastContent.jsp?email_blast_KEY=1382871\">Septiembre-Diciembre 2017<\/a><\/li>\n<\/ul>\n<h5><b>2016\u00a0<\/b><\/h5>\n<ul>\n<li><a href=\"http:\/\/salsa3.salsalabs.com\/o\/50966\/t\/0\/blastContent.jsp?email_blast_KEY=1348486\"><span style=\"font-weight: 400;\">Enero-Marzo 2016<\/span><\/a><\/li>\n<li><a href=\"http:\/\/salsa3.salsalabs.com\/o\/50966\/t\/0\/blastContent.jsp?email_blast_KEY=1354706\">Mayo-Agosto 2016<\/a><\/li>\n<li><a href=\"http:\/\/salsa3.salsalabs.com\/o\/50966\/t\/0\/blastContent.jsp?email_blast_KEY=1362592\">Septiembre-Diciembre 2016<\/a><\/li>\n<\/ul>\n<p>[\/vc_column_text][\/vc_column][\/vc_row][vc_row][vc_column][vc_separator][\/vc_column][\/vc_row][vc_row][vc_column]<style>.ld_social_icons_69fe2dd56ed7c.social-icon{font-size:30px;}<\/style><ul class=\"social-icon branded-text social-icon-sm ld_social_icons_69fe2dd56ed7c\" id=ld_social_icons_69fe2dd56ed7c>\n<li><a href=\"https:\/\/www.linkedin.com\/company\/gqual-campaign\/\" target=\"_blank\" rel=\"nofollow\"><i class=\"fa fa-linkedin\"><\/i><\/a><\/li><li><a href=\"https:\/\/twitter.com\/GqualCampaign\" target=\"_blank\" rel=\"nofollow\"><i class=\"fa fa-twitter\"><\/i><\/a><\/li><li><a href=\"https:\/\/www.youtube.com\/channel\/UCQne-RbUarlUkconY1d5DCg\" target=\"_blank\" rel=\"nofollow\"><i class=\"fa fa-youtube\"><\/i><\/a><\/li><\/ul>[\/vc_column][\/vc_row]<\/p>\n<\/section>","protected":false},"excerpt":{"rendered":"<p>[vc_row content_placement=&#8221;middle&#8221; parallax=&#8221;enable_parallax&#8221; enable_overlay=&#8221;yes&#8221; css=&#8221;.vc_custom_1601838075224{background-image: url(http:\/\/www.gqualcampaign.org\/old\/wp-content\/uploads\/2020\/09\/1708934329.png?id=7539) !important;background-position: center;background-repeat: no-repeat;background-size:cover !important;}&#8221; overlay_bg=&#8221;rgba(0, 0, 0, 0.65)&#8221;][vc_column][vc_custom_heading text=&#8221;Membres\u00eda&#8230;<\/p>\n","protected":false},"author":1,"featured_media":0,"parent":7368,"menu_order":0,"comment_status":"closed","ping_status":"closed","template":"","meta":[],"_links":{"self":[{"href":"https:\/\/www.gqualcampaign.org\/old\/wp-json\/wp\/v2\/pages\/7689"}],"collection":[{"href":"https:\/\/www.gqualcampaign.org\/old\/wp-json\/wp\/v2\/pages"}],"about":[{"href":"https:\/\/www.gqualcampaign.org\/old\/wp-json\/wp\/v2\/types\/page"}],"author":[{"embeddable":true,"href":"https:\/\/www.gqualcampaign.org\/old\/wp-json\/wp\/v2\/users\/1"}],"replies":[{"embeddable":true,"href":"https:\/\/www.gqualcampaign.org\/old\/wp-json\/wp\/v2\/comments?post=7689"}],"version-history":[{"count":11,"href":"https:\/\/www.gqualcampaign.org\/old\/wp-json\/wp\/v2\/pages\/7689\/revisions"}],"predecessor-version":[{"id":8307,"href":"https:\/\/www.gqualcampaign.org\/old\/wp-json\/wp\/v2\/pages\/7689\/revisions\/8307"}],"up":[{"embeddable":true,"href":"https:\/\/www.gqualcampaign.org\/old\/wp-json\/wp\/v2\/pages\/7368"}],"wp:attachment":[{"href":"https:\/\/www.gqualcampaign.org\/old\/wp-json\/wp\/v2\/media?parent=7689"}],"curies":[{"name":"wp","href":"https:\/\/api.w.org\/{rel}","templated":true}]}}