{"id":7704,"date":"2020-09-26T20:36:52","date_gmt":"2020-09-26T20:36:52","guid":{"rendered":"http:\/\/www.gqualcampaign.org\/old\/?page_id=7704"},"modified":"2023-05-12T18:22:41","modified_gmt":"2023-05-12T18:22:41","slug":"insumos-relevantes","status":"publish","type":"page","link":"https:\/\/www.gqualcampaign.org\/old\/recursos-gqual\/insumos-relevantes\/","title":{"rendered":"Insumos Relevantes"},"content":{"rendered":"<section class=\"wpb-content-wrapper\"><p>[vc_row][vc_column css=&#8221;.vc_custom_1601866909828{margin-bottom: 80px !important;}&#8221;][vc_custom_heading text=&#8221;Insumos Relevantes&#8221;]<div class=\"accordion accordion-md accordion-body-bordered accordion-expander-left accordion-expander-lg vc_accordion_69fe2dbce16f1\" id=\"vc_accordion_69fe2dbce16f1\" role=\"tablist\" aria-multiselectable=\"true\">\n\n\t<div class=\"accordion-item panel  active \">\n\n\t\t<div class=\"accordion-heading\" role=\"tab\" id=\"heading_1601866923693-fa4491da-83fd\">\n\t\t\t<h4 class=\"accordion-title\">\n\t\t\t\t<a class=\"\" data-toggle=\"collapse\" data-parent=\"#vc_accordion_69fe2dbce16f1\" href=\"#1601866923693-fa4491da-83fd\" aria-expanded=\"true\" aria-controls=\"1601866923693-fa4491da-83fd\">\n\t\t\t\t\t\n\t\t\t\t\t\n\t\t\t\t\tInformes y documentos de organismos internacionales\n\t\t\t\t\t\t\t\t\t\t<span class=\"accordion-expander\">\n\t\t\t\t\t\t<i class=\"fas fa-angle-down\"><\/i>\n\t\t\t\t\t\t<i class=\"fas fa-angle-up\"><\/i>\n\t\t\t\t\t<\/span>\n\t\t\t\t\t\n\t\t\t\t<\/a>\n\t\t\t\t\n\t\t\t<\/h4>\n\t\t<\/div>\n\n\t\t<div id=\"1601866923693-fa4491da-83fd\" class=\"accordion-collapse collapse in\" role=\"tabpanel\" aria-labelledby=\"heading_1601866923693-fa4491da-83fd\">\n\t\t\t<div class=\"accordion-content\">\n\t\t\t<p>[vc_column_text]<\/p>\n<h3>ONU<\/h3>\n<h4><strong>Consejo de Seguridad:<\/strong><\/h4>\n<p><a href=\"https:\/\/www.un.org\/womenwatch\/ods\/S-RES-1325(2000)-S.pdf\"><span style=\"font-weight: 400;\">Resoluci\u00f3n 1325<\/span><\/a><span style=\"font-weight: 400;\"> del 31 de octubre de 2000 relativa a las mujeres, la paz y la seguridad.\u00a0<\/span><\/p>\n<h4><strong>Consejo de Derechos Humanos:<\/strong><\/h4>\n<p><a href=\"http:\/\/www.gqualcampaign.org\/old\/wp-content\/uploads\/2022\/07\/ResolucionHRC50L22ESP.pdf\">Resoluci\u00f3n 50\/L.22<\/a> (julio 2022): <em>Eliminaci\u00f3n de todas las formas de discriminaci\u00f3n contra las mujeres y las ni\u00f1as. <\/em>Da seguimiento a la implementaci\u00f3n de las recomendaciones de la Resoluci\u00f3n 47\/51.<\/p>\n<p><a href=\"http:\/\/www.gqualcampaign.org\/old\/wp-content\/uploads\/2021\/06\/HRC-4751-CASTELLANO.pdf\">Resoluci\u00f3n 47\/51<\/a> (mayo 2021) Informe del Comit\u00e9 Asesor:\u00a0<em>Nivel actual de representaci\u00f3n de la mujer en los \u00f3rganos y mecanismos de derechos humanos: garantizar el equilibrio de g\u00e9nero.<\/em><\/p>\n<p><a href=\"http:\/\/www.gqualcampaign.org\/old\/wp-content\/uploads\/2020\/10\/Resolucio\u0301n-41_6-del-Consejo-de-Derechos-Humanos.pdf\"><span style=\"font-weight: 400;\">R<\/span><span style=\"font-weight: 400;\">esoluci\u00f3n 41\/6 <\/span><\/a><span style=\"font-weight: 400;\">(julio 2019) que llama la atenci\u00f3n sobre la falta de balance de g\u00e9nero en los \u00f3rganos de derechos humanos de Naciones Unidas, incluyendo los Procedimientos Especiales, \u00f3rganos de tratado y el Comit\u00e9 Asesor del Consejo y encomienda al Comit\u00e9 Asesor producir un informe con buenas pr\u00e1cticas y recomendaciones.<\/span><\/p>\n<p><span style=\"font-weight: 400;\"><a href=\"http:\/\/www.gqualcampaign.org\/old\/wp-content\/uploads\/2022\/07\/ResolucionHRC5_1ESP.pdf\">Resoluci\u00f3n 5\/1\u00a0<\/a>(junio 2007) que establece la necesidad de prestar debida consideraci\u00f3n al balance de g\u00e9nero para la selecci\u00f3n de integrantes de Procedimientos Especiales.<\/span><\/p>\n<h4><strong>Grupo Consultivo del Consejo de Derechos Humanos <\/strong>(\u00f3rgano encargado de preseleccionar personas candidatas para integrar Procedimientos Especiales):<\/h4>\n<p><span style=\"font-weight: 400;\">Informaci\u00f3n relevante para la <\/span><a href=\"https:\/\/www.ohchr.org\/EN\/HRBodies\/HRC\/SP\/Pages\/BasicInformationSelectionIndependentExperts.aspx\"><span style=\"font-weight: 400;\">selecci\u00f3n de Procedimientos Especiales.<\/span><\/a><span style=\"font-weight: 400;\"><br \/>\n<\/span><\/p>\n<p><a href=\"http:\/\/www.gqualcampaign.org\/old\/wp-content\/uploads\/2017\/04\/CGlettertransmittedtoPresidentHRC-23dec151.pdf\"><span style=\"font-weight: 400;\">Gender Parity Guidelines <\/span><\/a><span style=\"font-weight: 400;\">adoptadas por el Grupo Consultivo en el a\u00f1o 2015 (sin vigencia actual).<\/span><span style=\"font-weight: 400;\"><br \/>\n<\/span><\/p>\n<h4><strong>Oficina de la Alta Comisionada de Naciones Unidas:<\/strong><span style=\"font-weight: 400;\"><br \/>\n<\/span><\/h4>\n<p><span style=\"font-weight: 400;\">Estad\u00edsticas sobre la <\/span><a href=\"https:\/\/www.ohchr.org\/Documents\/HRBodies\/SP\/StatisticsCurrentMandateHolders.pdf\"><span style=\"font-weight: 400;\">composici\u00f3n actual de los Procedimientos Especiales.<\/span><\/a><\/p>\n<h4><strong>Comit\u00e9 CEDAW:<\/strong><span style=\"font-weight: 400;\"><br \/>\n<\/span><\/h4>\n<p><span style=\"font-weight: 400;\">CEDAW, <a href=\"https:\/\/tbinternet.ohchr.org\/Treaties\/CEDAW\/Shared%20Documents\/1_Global\/INT_CEDAW_GEC_4736_S.pdf\">Recomendaci\u00f3n General Nro 23<\/a> sobre vida p\u00fablica y pol\u00edtica publicada en 1997.<\/span><\/p>\n<h3><strong>OEA<\/strong><\/h3>\n<p>Resoluci\u00f3n Asamblea General <a href=\"https:\/\/gqualcampaign.org\/wp-content\/uploads\/2022\/10\/AG-OEA2022.pdf\">RES 10\/22<\/a>. <span style=\"font-weight: 400;\">\u201cPromoci\u00f3n y protecci\u00f3n de derechos humanos\u201d aprobada en octubre 2022.\u00a0<\/span><\/p>\n<p><span style=\"font-weight: 400;\">Resoluci\u00f3n Asamblea General <\/span><a href=\"http:\/\/www.gqualcampaign.org\/old\/wp-content\/uploads\/2023\/05\/AG-OEA-08309S03-2020.pdf\"><span style=\"font-weight: 400;\">RES. 1149 (2278\/20)<\/span><\/a><span style=\"font-weight: 400;\"> \u201cRepresentaci\u00f3n y participaci\u00f3n de las mujeres en la OEA\u201d aprobada en marzo 2020. <\/span><span style=\"font-weight: 400;\"><br \/>\n<\/span><\/p>\n<p><span style=\"font-weight: 400;\">Resoluci\u00f3n Asamblea General <a href=\"http:\/\/www.gqualcampaign.org\/old\/wp-content\/uploads\/2022\/07\/OEA-RES-2941-ESP.pdf\">RES. 2941 (XLIX-O\/19)<\/a> \u201cPromoci\u00f3n y protecci\u00f3n de derechos humanos\u201d aprobada en junio 2019.\u00a0<\/span><\/p>\n<p><span style=\"font-weight: 400;\">Resoluci\u00f3n Asamblea General <a href=\"http:\/\/www.gqualcampaign.org\/old\/wp-content\/uploads\/2022\/07\/OEA-AG-RES.-2928-18-ESP.pdf\">RES. 2928 (XLVIII-O\/18)<\/a> \u201cPromoci\u00f3n y protecci\u00f3n de derechos humanos\u201d aprobada en junio 2018. <\/span><span style=\"font-weight: 400;\"><br \/>\n<\/span><\/p>\n<p><span style=\"font-weight: 400;\">Resoluci\u00f3n Asamblea General <a href=\"http:\/\/www.gqualcampaign.org\/old\/wp-content\/uploads\/2023\/05\/AG_OEA_2908_ESP-2017.pdf\">RES. 2908 (XLVII-O\/17) <\/a>\u201cPromoci\u00f3n y protecci\u00f3n de derechos humanos\u201d aprobada en junio 2017.<\/span><span style=\"font-weight: 400;\"><br \/>\n<\/span><\/p>\n<p><span style=\"font-weight: 400;\">Resoluci\u00f3n Asamblea General <a href=\"https:\/\/www.oas.org\/es\/sla\/ddi\/docs\/AG-RES_2887_XLVI-O-16.pdf\">RES. 2887 (XLVI-O\/16)<\/a> \u201cPromoci\u00f3n y protecci\u00f3n de derechos humanos\u201d aprobada en junio 2016.<\/span><span style=\"font-weight: 400;\"><br \/>\n<\/span><\/p>\n<p><span style=\"font-weight: 400;\">Discurso de la Jueza <a href=\"https:\/\/twitter.com\/GqualCampaign\/status\/1271194307161194496?s=20\">Odio Benito sobre composici\u00f3n de \u00f3rganos jurisdiccionales y la paridad de g\u00e9nero <\/a><\/span>ante la Comisi\u00f3n de Asuntos Jur\u00eddicos y Pol\u00edticos\u00a0(CAJP).[\/vc_column_text]<\/p>\n\t\t\t<\/div>\n\t\t<\/div>\n\t<\/div>\n\t<div class=\"accordion-item panel  \">\n\n\t\t<div class=\"accordion-heading\" role=\"tab\" id=\"heading_1601866923703-f14e29f3-146d\">\n\t\t\t<h4 class=\"accordion-title\">\n\t\t\t\t<a class=\"collapsed\" data-toggle=\"collapse\" data-parent=\"#vc_accordion_69fe2dbce16f1\" href=\"#1601866923703-f14e29f3-146d\" aria-expanded=\"false\" aria-controls=\"1601866923703-f14e29f3-146d\">\n\t\t\t\t\t\n\t\t\t\t\t\n\t\t\t\t\tInvestigaciones acad\u00e9micas\n\t\t\t\t\t\t\t\t\t\t<span class=\"accordion-expander\">\n\t\t\t\t\t\t<i class=\"fas fa-angle-down\"><\/i>\n\t\t\t\t\t\t<i class=\"fas fa-angle-up\"><\/i>\n\t\t\t\t\t<\/span>\n\t\t\t\t\t\n\t\t\t\t<\/a>\n\t\t\t\t\n\t\t\t<\/h4>\n\t\t<\/div>\n\n\t\t<div id=\"1601866923703-f14e29f3-146d\" class=\"accordion-collapse collapse\" role=\"tabpanel\" aria-labelledby=\"heading_1601866923703-f14e29f3-146d\">\n\t\t\t<div class=\"accordion-content\">\n\t\t\t<p>[vc_column_text]<span style=\"font-weight: 400;\">Afroukh, M., L\u00e9cuyer, Y., (2020). <a href=\"http:\/\/www.gqualcampaign.org\/old\/afroukh-m-lecuyer-y-2020\/\">\u201cSur une exception francaise: La proc\u00e9dure de d\u00e9signation des candidats au poste de juge \u00e0 la Cour Europ\u00e9enne des droits de l\u2019homme\u201d<\/a>, RDLF 2020 chron. n\u00b004.\u00a0<\/span><\/p>\n<p><span style=\"font-weight: 400;\">Burgorgue-Larsen, L., (2020). <a href=\"http:\/\/www.gqualcampaign.org\/old\/burgorgue-larsen-l-2020\/\">\u201cWomen and case law. Some loose and comparative wanderings\u201d<\/a>, Connecticut Journal of International Law.\u00a0<\/span><\/p>\n<p><span style=\"font-weight: 400;\">Salm\u00f3n, Elizabeth (2019). <a href=\"http:\/\/ius360.com\/otro\/internacional\/paridad-de-genero-en-instancias-internacionales-elizabeth-salmon\/\">\u201cParidad de g\u00e9nero en instancias internacionales\u201d<\/a>, IUS 360<\/span><\/p>\n<p><span style=\"font-weight: 400;\">Dawuni, Jarpa (2018). <a href=\"http:\/\/www.gqualcampaign.org\/old\/international-courts-and-the-african-woman-judge-unveiled-narratives-by-gqualizer-dr-josephine-jarpa-dawuni-out-now\/\">\u201cInternational Courts and the African Woman Judge: Unveiled Narratives\u201d<\/a><\/span><span style=\"font-weight: 400;\">, <\/span><span style=\"font-weight: 400;\">Routledge.<\/span><\/p>\n<p><span style=\"font-weight: 400;\">Grossman, Nienke (2017). <a href=\"https:\/\/www.cambridge.org\/core\/journals\/american-journal-of-international-law\/article\/achieving-sexrepresentative-international-court-benches\/5A19DF7A159C45191D49C3410E99DC70\">\u201cAchieving Sex-Representative International Court Benches\u201d<\/a>, Cambridge University Press.<\/span><\/p>\n<p><span style=\"font-weight: 400;\">Grossman, Nienke (2012).<a href=\"https:\/\/chicagounbound.uchicago.edu\/cjil\/vol12\/iss2\/9\"> &#8220;Sex on the Bench: Do Women Judges Matter to the Legitimacy of International Courts?&#8221;<\/a>, Chicago Journal of International Law: Vol. 12: No. 2, Article 9.<\/span><\/p>\n<p><b><span style=\"font-weight: 400;\">Charlesworth, Hilary (1999). <a href=\"https:\/\/www.jstor.org\/stable\/2997996?origin=JSTOR-pdf\">\u201cFeminist Methods in International Law\u201d<\/a>, The American Journal of International Law, Vol. 93, No. 2, pp. 379-394.<\/span><\/b><\/p>\n<p><span style=\"font-weight: 400;\">Philips, Anne (Ed) (1998). <a href=\"https:\/\/books.google.com.ar\/books\/about\/Feminism_and_Politics.html?id=2vjlSnVwT1YC&amp;redir_esc=y\">\u201cFeminism and Politics\u201d<\/a>, OXFORD UNIVERSITY PRESS.<\/span><\/p>\n<p><span style=\"font-weight: 400;\">Charlesworth, Hilary (1995). <a href=\"http:\/\/scholar.valpo.edu\/twls\/vol13\/iss1\/1\">\u201cFeminists Critiques of International Law and Their Critics\u201d<\/a>, Third World Legal Studies: Vol. 13, Article 1.\u00a0<\/span><\/p>\n<p><span style=\"font-weight: 400;\">Charlesworth, H., Chinkin, C., (1993). <a href=\"https:\/\/www.jstor.org\/stable\/762651?origin=JSTOR-pdf\">\u201cThe Gender of Jus Cogens\u201d<\/a>, Human Rights Quarterly\u00a0 Vol. 15, No. 1, pp. 63-76.<\/span>[\/vc_column_text]<\/p>\n\t\t\t<\/div>\n\t\t<\/div>\n\t<\/div>\n\t<div class=\"accordion-item panel  \">\n\n\t\t<div class=\"accordion-heading\" role=\"tab\" id=\"heading_1601867015166-732efb62-cc62\">\n\t\t\t<h4 class=\"accordion-title\">\n\t\t\t\t<a class=\"collapsed\" data-toggle=\"collapse\" data-parent=\"#vc_accordion_69fe2dbce16f1\" href=\"#1601867015166-732efb62-cc62\" aria-expanded=\"false\" aria-controls=\"1601867015166-732efb62-cc62\">\n\t\t\t\t\t\n\t\t\t\t\t\n\t\t\t\t\tAportes de la sociedad civil\n\t\t\t\t\t\t\t\t\t\t<span class=\"accordion-expander\">\n\t\t\t\t\t\t<i class=\"fas fa-angle-down\"><\/i>\n\t\t\t\t\t\t<i class=\"fas fa-angle-up\"><\/i>\n\t\t\t\t\t<\/span>\n\t\t\t\t\t\n\t\t\t\t<\/a>\n\t\t\t\t\n\t\t\t<\/h4>\n\t\t<\/div>\n\n\t\t<div id=\"1601867015166-732efb62-cc62\" class=\"accordion-collapse collapse\" role=\"tabpanel\" aria-labelledby=\"heading_1601867015166-732efb62-cc62\">\n\t\t\t<div class=\"accordion-content\">\n\t\t\t<p>[vc_column_text]<span style=\"font-weight: 400;\">Arbitral Women (2020) <\/span><a href=\"https:\/\/cdn1.arbitralwomen.org\/wp-content\/uploads\/2020\/04\/Walk-the-Talk-Arbitration_ru_N2_17_March_2020.pdf\"><span style=\"font-weight: 400;\">Walk The Talk \u2013 The ArbitralWomen Experience<\/span><\/a><span style=\"font-weight: 400;\">: Mireze Philippe<\/span><\/p>\n<p><span style=\"font-weight: 400;\">International Association of Women Judges (2020) <a href=\"http:\/\/www.iawj.org\/programs\/equality-in-the-courts\/\">Equality in the courts<\/a><\/span><span style=\"font-weight: 400;\"><br \/>\n<\/span><\/p>\n<p><span style=\"font-weight: 400;\">Women at the Table (2019) <a href=\"https:\/\/www.womenatthetable.net\/blog\/best-practices-international-treaty-bodies-paper\">Best practices for the election of members to international and regional treaty bodies.\u00a0<\/a><\/span><\/p>\n<p><span style=\"font-weight: 400;\">Amnist\u00eda Internacional (2019) <a href=\"https:\/\/www.amnesty.org\/en\/documents\/ior40\/0329\/2019\/en\/\">Treaty body strengthening-joint NGO submission to the Third Biennial Report of the Secretary General.<\/a>\u00a0<\/span><\/p>\n<p><span style=\"font-weight: 400;\">IDLO (2018) <a href=\"https:\/\/www.idlo.int\/news\/highlights\/justice-women-access-empowerment-and-representation\">Justicia para las mujeres: acceso, empoderamiento y representaci\u00f3n<\/a><\/span><span style=\"font-weight: 400;\"><br \/>\n<\/span><\/p>\n<p><span style=\"font-weight: 400;\">Women at the Table (2018) <a href=\"https:\/\/www.womenatthetable.net\/blog\/gender-responsive-assemblies-toolkit-un-general-assembly\">Gender-Responsive Assemblies- An Agenda for Concrete Action<\/a><\/span><\/p>\n<p><span style=\"font-weight: 400;\">Coalition for the ICC (2017) <a href=\"http:\/\/www.coalitionfortheicc.org\/news\/20170502\/why-does-gender-balance-matter-judicial-bench\">Why does gender balance matter on the judicial bench?<\/a><\/span><span style=\"font-weight: 400;\"><br \/>\n<\/span><\/p>\n<p><span style=\"font-weight: 400;\">Wilson Center (2017)<a href=\"https:\/\/www.wilsoncenter.org\/event\/global-voices-international-law-international-courts-and-women-judges?fbclid=IwAR0WjPPPOTW1jfCAd4mX57vyQoC5-m83m9bb77S9y9PpGV21efDVKZwrmDQ\"> Global Voices in International Law: International Courts and Women Judges<\/a><\/span><span style=\"font-weight: 400;\"><br \/>\n<\/span><\/p>\n<p><span style=\"font-weight: 400;\">CEJIL (2015) <a href=\"http:\/\/www.gqualcampaign.org\/old\/documento-de-coyuntura-no-10-proceso-de-seleccion-de-integrantes-de-la-comision-y-la-corte-interamericana-de-derechos-humanos-reflexiones-hacia-una-reforma\/\">Documento de coyuntura sobre el proceso de selecci\u00f3n de integrantes de la Comisi\u00f3n y la Corte Interamericana de Derechos Humanos.<\/a><\/span>[\/vc_column_text]<\/p>\n\t\t\t<\/div>\n\t\t<\/div>\n\t<\/div>\n<\/div>[\/vc_column][\/vc_row]<\/p>\n<\/section>","protected":false},"excerpt":{"rendered":"<p>[vc_row][vc_column css=&#8221;.vc_custom_1601866909828{margin-bottom: 80px !important;}&#8221;][vc_custom_heading text=&#8221;Insumos Relevantes&#8221;][\/vc_column][\/vc_row]<\/p>\n","protected":false},"author":1,"featured_media":0,"parent":1546,"menu_order":0,"comment_status":"closed","ping_status":"closed","template":"","meta":[],"_links":{"self":[{"href":"https:\/\/www.gqualcampaign.org\/old\/wp-json\/wp\/v2\/pages\/7704"}],"collection":[{"href":"https:\/\/www.gqualcampaign.org\/old\/wp-json\/wp\/v2\/pages"}],"about":[{"href":"https:\/\/www.gqualcampaign.org\/old\/wp-json\/wp\/v2\/types\/page"}],"author":[{"embeddable":true,"href":"https:\/\/www.gqualcampaign.org\/old\/wp-json\/wp\/v2\/users\/1"}],"replies":[{"embeddable":true,"href":"https:\/\/www.gqualcampaign.org\/old\/wp-json\/wp\/v2\/comments?post=7704"}],"version-history":[{"count":11,"href":"https:\/\/www.gqualcampaign.org\/old\/wp-json\/wp\/v2\/pages\/7704\/revisions"}],"predecessor-version":[{"id":9368,"href":"https:\/\/www.gqualcampaign.org\/old\/wp-json\/wp\/v2\/pages\/7704\/revisions\/9368"}],"up":[{"embeddable":true,"href":"https:\/\/www.gqualcampaign.org\/old\/wp-json\/wp\/v2\/pages\/1546"}],"wp:attachment":[{"href":"https:\/\/www.gqualcampaign.org\/old\/wp-json\/wp\/v2\/media?parent=7704"}],"curies":[{"name":"wp","href":"https:\/\/api.w.org\/{rel}","templated":true}]}}