{"id":7960,"date":"2020-10-19T01:55:35","date_gmt":"2020-10-19T01:55:35","guid":{"rendered":"http:\/\/www.gqualcampaign.org\/old\/?page_id=7960"},"modified":"2022-12-29T19:27:02","modified_gmt":"2022-12-29T19:27:02","slug":"relevant-sources","status":"publish","type":"page","link":"https:\/\/www.gqualcampaign.org\/old\/resources\/relevant-sources\/","title":{"rendered":"Relevant sources"},"content":{"rendered":"<section class=\"wpb-content-wrapper\"><p>[vc_row][vc_column css=&#8221;.vc_custom_1601866909828{margin-bottom: 80px !important;}&#8221;][vc_custom_heading text=&#8221;Relevant Inputs&#8221;]<div class=\"accordion accordion-md accordion-body-bordered accordion-expander-left accordion-expander-lg vc_accordion_69fe1f1a71f9b\" id=\"vc_accordion_69fe1f1a71f9b\" role=\"tablist\" aria-multiselectable=\"true\">\n\n\t<div class=\"accordion-item panel  active \">\n\n\t\t<div class=\"accordion-heading\" role=\"tab\" id=\"heading_1601866923693-fa4491da-83fd\">\n\t\t\t<h4 class=\"accordion-title\">\n\t\t\t\t<a class=\"\" data-toggle=\"collapse\" data-parent=\"#vc_accordion_69fe1f1a71f9b\" href=\"#1601866923693-fa4491da-83fd\" aria-expanded=\"true\" aria-controls=\"1601866923693-fa4491da-83fd\">\n\t\t\t\t\t\n\t\t\t\t\t\n\t\t\t\t\tReports and Documents of International Organizations\n\t\t\t\t\t\t\t\t\t\t<span class=\"accordion-expander\">\n\t\t\t\t\t\t<i class=\"fas fa-angle-down\"><\/i>\n\t\t\t\t\t\t<i class=\"fas fa-angle-up\"><\/i>\n\t\t\t\t\t<\/span>\n\t\t\t\t\t\n\t\t\t\t<\/a>\n\t\t\t\t\n\t\t\t<\/h4>\n\t\t<\/div>\n\n\t\t<div id=\"1601866923693-fa4491da-83fd\" class=\"accordion-collapse collapse in\" role=\"tabpanel\" aria-labelledby=\"heading_1601866923693-fa4491da-83fd\">\n\t\t\t<div class=\"accordion-content\">\n\t\t\t<p>[vc_column_text]<\/p>\n<h3><b>ONU<br \/>\n<\/b><\/h3>\n<h5><b>Security Council:<\/b><\/h5>\n<p><a href=\"https:\/\/www.un.org\/womenwatch\/ods\/S-RES-1325(2000)-S.pdf\"><span style=\"font-weight: 400;\">Resolution 1325 <\/span><\/a><span style=\"font-weight: 400;\">of October 31, 2000 on women, peace and security.\u00a0<\/span><\/p>\n<h5><b>Human Rights Council:<\/b><\/h5>\n<p><a href=\"http:\/\/www.gqualcampaign.org\/old\/wp-content\/uploads\/2022\/07\/Resolution-HRC50L22ENG.pdf\">Resolution 50\/18<\/a>\u00a0(July 2022)\u00a0<em>Elimination of all forms of discrimination against women and girls.\u00a0 <\/em>Follows up on the implementation of the recommendations included in the Report of the Advisory Committee 47\/51.<\/p>\n<p><a href=\"http:\/\/www.gqualcampaign.org\/old\/wp-content\/uploads\/2021\/06\/HRC-4751-INGLES.pdf\">Resolution 47\/51<\/a> (May 2021)\u00a0Report of the Human Rights Council Advisory Committee:\u00a0<em>Current levels of representation of women in human rights organs and mechanisms: ensuring gender balance.<\/em><\/p>\n<p><span style=\"font-weight: 400;\"><a href=\"http:\/\/www.gqualcampaign.org\/old\/wp-content\/uploads\/2019\/12\/A-HRC-RES-41-6-1.pdf\">Resolution 41\/6 <\/a>\u00a0(June 2019) which draws attention to the lack of gender balance in the UN human rights bodies, including the Special Procedures, treaty bodies and the Council&#8217;s Advisory Committee and mandates the Advisory Committee to produce a report with good practices and recommendations.<\/span><\/p>\n<p><span style=\"font-weight: 400;\"><a href=\"http:\/\/www.gqualcampaign.org\/old\/wp-content\/uploads\/2022\/07\/A_HRC_RES_5_1ENG.pdf\">Resolution 5\/1 of 18 <\/a>(June 2007)\u00a0establishing the need to give due consideration to gender balance in the selection of members of Special Procedures.<\/span><\/p>\n<h5><b>Human Rights Council Advisory Group (the body responsible for pre-selecting candidates for special procedures)<\/b><\/h5>\n<p><span style=\"font-weight: 400;\">Information relevant to the <\/span><a href=\"https:\/\/www.ohchr.org\/EN\/HRBodies\/HRC\/SP\/Pages\/BasicInformationSelectionIndependentExperts.aspx\"><span style=\"font-weight: 400;\">selection of Special Procedures<\/span><\/a><\/p>\n<p><span style=\"font-weight: 400;\"><a href=\"http:\/\/www.gqualcampaign.org\/old\/wp-content\/uploads\/2017\/04\/CGlettertransmittedtoPresidentHRC-23dec151.pdf\">Gender Parity Guidelines<\/a> adopted by the Consultative Group in 2015 (without actual validity)<\/span><\/p>\n<h5><b>Office of the High Commissioner of the United Nations:<\/b><\/h5>\n<p><span style=\"font-weight: 400;\">Statistics regarding the <\/span><a href=\"https:\/\/www.ohchr.org\/Documents\/HRBodies\/SP\/StatisticsCurrentMandateHolders.pdf\"><span style=\"font-weight: 400;\">real composition of the Special Proceedings<\/span><\/a><\/p>\n<h5><b>Comit\u00e9 CEDAW:<\/b><\/h5>\n<p><span style=\"font-weight: 400;\">CEDAW, <a href=\"https:\/\/tbinternet.ohchr.org\/Treaties\/CEDAW\/Shared%20Documents\/1_Global\/INT_CEDAW_GEC_4736_S.pdf\">General Recommendation No. 23 <\/a>regarding Public Life and Publicized Politics in 1997<\/span><\/p>\n<h3><\/h3>\n<h3><b>OEA<\/b><\/h3>\n<p>General Assembly <a href=\"http:\/\/www.gqualcampaign.org\/old\/wp-content\/uploads\/2022\/12\/OAS-AG08613E03.pdf\">Resolution<\/a><a tabindex=\"-1\" href=\"http:\/\/www.gqualcampaign.org\/old\/wp-content\/uploads\/2022\/12\/OAS-AG08613E03.pdf\" target=\"_blank\" rel=\"noopener\">AG\/CG\/doc.10\/22 <\/a>. &#8220;Promotion and Protection of Human Rights&#8221; approved October 2022.<\/p>\n<p><span style=\"font-weight: 400;\">General Assembly\u00a0<\/span><a href=\"http:\/\/www.gqualcampaign.org\/old\/wp-content\/uploads\/2022\/07\/OEA-Res-1149227820ENG.pdf\"><span style=\"font-weight: 400;\">Resolution RES. 1149 (2278\/20)<\/span><\/a><span style=\"font-weight: 400;\"> \u201cRepresentation and Participation of Women in the OEA\u201d approved March 2020<\/span><\/p>\n<p><span style=\"font-weight: 400;\">General Assembly <a href=\"http:\/\/www.gqualcampaign.org\/old\/wp-content\/uploads\/2022\/07\/OEA-RES-2941-XLIX-O_19ENG.pdf\">Resolution RES. 2941 (XLIX-O\/19) <\/a>\u201cPromotion and Protection of Human Rights\u201d published June 2019<\/span><\/p>\n<p><span style=\"font-weight: 400;\">General Assembly <a href=\"http:\/\/www.gqualcampaign.org\/old\/wp-content\/uploads\/2022\/07\/AG-RES_2928_XLVIII-O-18-ENG.pdf\">Resolution RES. 2928 (XLVIII-O\/18)<\/a> \u201cPromotion and Protection of Human Rights\u201d published June 2018<\/span><\/p>\n<p><span style=\"font-weight: 400;\">General Assembly <a href=\"http:\/\/www.gqualcampaign.org\/old\/wp-content\/uploads\/2022\/07\/OEA-RES_2908_XLVII-O-17ENG.pdf\">Resolution RES. 2908 (XLVII-O\/17)<\/a> \u201cPromotion and Protection of Human Rights\u201d published June 2017<\/span><\/p>\n<p><span style=\"font-weight: 400;\">General Assembly <a href=\"http:\/\/www.gqualcampaign.org\/old\/wp-content\/uploads\/2022\/07\/OEA-RES_2887_XLVI-O-16ENG.pdf\">Resolution RES. 2887 (XLVI-O\/16)<\/a> \u201cPromotion and Protection of Human Rights\u201d published June 2016<\/span><\/p>\n<p><span style=\"font-weight: 400;\">Speech by <a href=\"https:\/\/twitter.com\/GqualCampaign\/status\/1271194307161194496?s=20\">Judge Odio Benito on composition of jurisdictional bodies and gender parity <\/a>before the Committee on Juridical and Political Affairs (CAJP)<\/span><\/p>\n<h4><\/h4>\n<p>[\/vc_column_text]<\/p>\n\t\t\t<\/div>\n\t\t<\/div>\n\t<\/div>\n\t<div class=\"accordion-item panel  \">\n\n\t\t<div class=\"accordion-heading\" role=\"tab\" id=\"heading_1601866923703-f14e29f3-146d\">\n\t\t\t<h4 class=\"accordion-title\">\n\t\t\t\t<a class=\"collapsed\" data-toggle=\"collapse\" data-parent=\"#vc_accordion_69fe1f1a71f9b\" href=\"#1601866923703-f14e29f3-146d\" aria-expanded=\"false\" aria-controls=\"1601866923703-f14e29f3-146d\">\n\t\t\t\t\t\n\t\t\t\t\t\n\t\t\t\t\tAcademic\n\t\t\t\t\t\t\t\t\t\t<span class=\"accordion-expander\">\n\t\t\t\t\t\t<i class=\"fas fa-angle-down\"><\/i>\n\t\t\t\t\t\t<i class=\"fas fa-angle-up\"><\/i>\n\t\t\t\t\t<\/span>\n\t\t\t\t\t\n\t\t\t\t<\/a>\n\t\t\t\t\n\t\t\t<\/h4>\n\t\t<\/div>\n\n\t\t<div id=\"1601866923703-f14e29f3-146d\" class=\"accordion-collapse collapse\" role=\"tabpanel\" aria-labelledby=\"heading_1601866923703-f14e29f3-146d\">\n\t\t\t<div class=\"accordion-content\">\n\t\t\t<p>[vc_column_text]<span style=\"font-weight: 400;\">Afroukh, M., L\u00e9cuyer, Y., (2020). <a href=\"http:\/\/www.gqualcampaign.org\/old\/afroukh-m-lecuyer-y-2020\/\">\u201cSur une exception francaise: La proc\u00e9dure de d\u00e9signation des candidats au poste de juge \u00e0 la Cour Europ\u00e9enne des droits de l\u2019homme\u201d<\/a>, RDLF 2020 chron. n\u00b004.\u00a0<\/span><\/p>\n<p><span style=\"font-weight: 400;\">Burgorgue-Larsen, L., (2020). <a href=\"http:\/\/www.gqualcampaign.org\/old\/burgorgue-larsen-l-2020\/\">\u201cWomen and case law. Some loose and comparative wanderings\u201d<\/a>, Connecticut Journal of International Law.\u00a0<\/span><\/p>\n<p><span style=\"font-weight: 400;\">Salm\u00f3n, Elizabeth (2019) <a href=\"http:\/\/ius360.com\/otro\/internacional\/paridad-de-genero-en-instancias-internacionales-elizabeth-salmon\/\">\u201cGender Parity in International Instances\u201d<\/a>, IUS 360<\/span><\/p>\n<p><span style=\"font-weight: 400;\">Dawuni, Jarpa (2018) <a href=\"http:\/\/www.gqualcampaign.org\/old\/international-courts-and-the-african-woman-judge-unveiled-narratives-by-gqualizer-dr-josephine-jarpa-dawuni-out-now\/\">\u201cInternational Courts and the African Woman Judge: Unveiled Narratives\u201d<\/a><\/span><span style=\"font-weight: 400;\">, <\/span><span style=\"font-weight: 400;\">Routledge.<\/span><\/p>\n<p><span style=\"font-weight: 400;\">Grossman, Nienke (2017) <a href=\"https:\/\/www.cambridge.org\/core\/journals\/american-journal-of-international-law\/article\/achieving-sexrepresentative-international-court-benches\/5A19DF7A159C45191D49C3410E99DC70\">\u201cAchieving Sex-Representative International Court Benches\u201d<\/a>, Cambridge University Press.<\/span><\/p>\n<p><span style=\"font-weight: 400;\">Grossman, Nienke (2012) <a href=\"https:\/\/chicagounbound.uchicago.edu\/cjil\/vol12\/iss2\/9\">&#8220;Sex on the Bench: Do Women Judges Matter to the Legitimacy of International Courts?&#8221;<\/a>, Chicago Journal of International Law: Vol. 12: No. 2, Article 9.<\/span><\/p>\n<p><span style=\"font-weight: 400;\">Charlesworth, Hilary (1999). <a href=\"https:\/\/www.jstor.org\/stable\/2997996?origin=JSTOR-pdf\">\u201cFeminist Methods in International Law\u201d<\/a>, The American Journal of International Law, Vol. 93, No. 2, pp. 379-394<\/span><\/p>\n<p><span style=\"font-weight: 400;\">Philips, Anne (Ed) (1998). <a href=\"https:\/\/books.google.com.ar\/books\/about\/Feminism_and_Politics.html?id=2vjlSnVwT1YC&amp;redir_esc=y\">\u201cFeminism and Politics\u201d<\/a>, OXFORD UNIVERSITY PRESS.<\/span><\/p>\n<p><span style=\"font-weight: 400;\">Charlesworth, Hilary (1995). <a href=\"http:\/\/scholar.valpo.edu\/twls\/vol13\/iss1\/1\">\u201cFeminists Critiques of International Law and Their Critics\u201d<\/a>, Third World Legal Studies: Vol. 13, Article 1<\/span><\/p>\n<p><span style=\"font-weight: 400;\">Charlesworth, H., Chinkin, C., (1993). <a href=\"https:\/\/www.jstor.org\/stable\/762651?origin=JSTOR-pdf\">\u201cThe Gender of Jus Cogens\u201d<\/a>, Human Rights Quarterly\u00a0 Vol. 15, No. 1, pp. 63-76<\/span>[\/vc_column_text]<\/p>\n\t\t\t<\/div>\n\t\t<\/div>\n\t<\/div>\n\t<div class=\"accordion-item panel  \">\n\n\t\t<div class=\"accordion-heading\" role=\"tab\" id=\"heading_1601867015166-732efb62-cc62\">\n\t\t\t<h4 class=\"accordion-title\">\n\t\t\t\t<a class=\"collapsed\" data-toggle=\"collapse\" data-parent=\"#vc_accordion_69fe1f1a71f9b\" href=\"#1601867015166-732efb62-cc62\" aria-expanded=\"false\" aria-controls=\"1601867015166-732efb62-cc62\">\n\t\t\t\t\t\n\t\t\t\t\t\n\t\t\t\t\tContributions of Civil Society\n\t\t\t\t\t\t\t\t\t\t<span class=\"accordion-expander\">\n\t\t\t\t\t\t<i class=\"fas fa-angle-down\"><\/i>\n\t\t\t\t\t\t<i class=\"fas fa-angle-up\"><\/i>\n\t\t\t\t\t<\/span>\n\t\t\t\t\t\n\t\t\t\t<\/a>\n\t\t\t\t\n\t\t\t<\/h4>\n\t\t<\/div>\n\n\t\t<div id=\"1601867015166-732efb62-cc62\" class=\"accordion-collapse collapse\" role=\"tabpanel\" aria-labelledby=\"heading_1601867015166-732efb62-cc62\">\n\t\t\t<div class=\"accordion-content\">\n\t\t\t<p>[vc_column_text]<span style=\"font-weight: 400;\">Arbitral Women (2020) <\/span><a href=\"https:\/\/cdn1.arbitralwomen.org\/wp-content\/uploads\/2020\/04\/Walk-the-Talk-Arbitration_ru_N2_17_March_2020.pdf\"><span style=\"font-weight: 400;\">Walk The Talk \u2013 The ArbitralWomen Experience<\/span><\/a><span style=\"font-weight: 400;\">: Mireze Philippe<\/span><\/p>\n<p><span style=\"font-weight: 400;\">International Association of Women Judges (2020) <a href=\"http:\/\/www.iawj.org\/programs\/equality-in-the-courts\/\">Equality in the courts<\/a><\/span><\/p>\n<p><span style=\"font-weight: 400;\">Women at the Table (2019) <a href=\"https:\/\/www.womenatthetable.net\/blog\/best-practices-international-treaty-bodies-paper\">Best practices for the election of members to international and regional treaty bodies<\/a><\/span><\/p>\n<p><span style=\"font-weight: 400;\">Amnesty International (2019) <a href=\"https:\/\/www.amnesty.org\/en\/documents\/ior40\/0329\/2019\/en\/\">Treaty body strengthening-joint NGO submission to the Third Biennial Report of the Secretary General<\/a><\/span><\/p>\n<p><span style=\"font-weight: 400;\">IDLO (2018) <a href=\"https:\/\/www.idlo.int\/news\/highlights\/justice-women-access-empowerment-and-representation\">Justice for Women: Access, Power, and Representation<\/a><\/span><\/p>\n<p><span style=\"font-weight: 400;\">Women at the Table (2018) <a href=\"https:\/\/www.womenatthetable.net\/blog\/gender-responsive-assemblies-toolkit-un-general-assembly\">Gender-Responsive Assemblies- An Agenda for Concrete Action<\/a><\/span><\/p>\n<p><span style=\"font-weight: 400;\">Coalition for the ICC (2017) <a href=\"http:\/\/www.coalitionfortheicc.org\/news\/20170502\/why-does-gender-balance-matter-judicial-bench\">Why does gender balance matter on the judicial bench?<\/a><\/span><\/p>\n<p><span style=\"font-weight: 400;\">Wilson Center (2017) <a href=\"https:\/\/www.wilsoncenter.org\/event\/global-voices-international-law-international-courts-and-women-judges?fbclid=IwAR0WjPPPOTW1jfCAd4mX57vyQoC5-m83m9bb77S9y9PpGV21efDVKZwrmDQ\">Global Voices in International Law: International Courts and Women Judges<\/a><\/span><\/p>\n<p><span style=\"font-weight: 400;\">CEJIL (2015) <a href=\"http:\/\/www.gqualcampaign.org\/old\/documento-de-coyuntura-no-10-proceso-de-seleccion-de-integrantes-de-la-comision-y-la-corte-interamericana-de-derechos-humanos-reflexiones-hacia-una-reforma\/\">Joint Document regarding the selection process for members of the Inter-American Court of Human Rights<\/a><\/span>[\/vc_column_text]<\/p>\n\t\t\t<\/div>\n\t\t<\/div>\n\t<\/div>\n<\/div>[\/vc_column][\/vc_row]<\/p>\n<\/section>","protected":false},"excerpt":{"rendered":"<p>[vc_row][vc_column css=&#8221;.vc_custom_1601866909828{margin-bottom: 80px !important;}&#8221;][vc_custom_heading text=&#8221;Relevant Inputs&#8221;][\/vc_column][\/vc_row]<\/p>\n","protected":false},"author":1,"featured_media":0,"parent":1603,"menu_order":0,"comment_status":"closed","ping_status":"closed","template":"","meta":[],"_links":{"self":[{"href":"https:\/\/www.gqualcampaign.org\/old\/wp-json\/wp\/v2\/pages\/7960"}],"collection":[{"href":"https:\/\/www.gqualcampaign.org\/old\/wp-json\/wp\/v2\/pages"}],"about":[{"href":"https:\/\/www.gqualcampaign.org\/old\/wp-json\/wp\/v2\/types\/page"}],"author":[{"embeddable":true,"href":"https:\/\/www.gqualcampaign.org\/old\/wp-json\/wp\/v2\/users\/1"}],"replies":[{"embeddable":true,"href":"https:\/\/www.gqualcampaign.org\/old\/wp-json\/wp\/v2\/comments?post=7960"}],"version-history":[{"count":11,"href":"https:\/\/www.gqualcampaign.org\/old\/wp-json\/wp\/v2\/pages\/7960\/revisions"}],"predecessor-version":[{"id":9153,"href":"https:\/\/www.gqualcampaign.org\/old\/wp-json\/wp\/v2\/pages\/7960\/revisions\/9153"}],"up":[{"embeddable":true,"href":"https:\/\/www.gqualcampaign.org\/old\/wp-json\/wp\/v2\/pages\/1603"}],"wp:attachment":[{"href":"https:\/\/www.gqualcampaign.org\/old\/wp-json\/wp\/v2\/media?parent=7960"}],"curies":[{"name":"wp","href":"https:\/\/api.w.org\/{rel}","templated":true}]}}