{"id":902,"date":"2015-05-10T22:31:45","date_gmt":"2015-05-10T22:31:45","guid":{"rendered":"http:\/\/www.gqualcampaign.org\/old\/?page_id=902"},"modified":"2022-07-09T15:41:24","modified_gmt":"2022-07-09T15:41:24","slug":"bolsa-de-trabajo-gqual","status":"publish","type":"page","link":"https:\/\/www.gqualcampaign.org\/old\/comunidad\/bolsa-de-trabajo-gqual\/","title":{"rendered":"Bolsa de Trabajo Gqual"},"content":{"rendered":"<section class=\"wpb-content-wrapper\"><p>[vc_row content_placement=&#8221;middle&#8221; parallax=&#8221;enable_parallax&#8221; enable_overlay=&#8221;yes&#8221; css=&#8221;.vc_custom_1598806184004{background-image: url(http:\/\/www.gqualcampaign.org\/old\/wp-content\/uploads\/2020\/08\/GQUAL-lanzamiento-de-la-campan\u0303a-scaled.jpg?id=7291) !important;background-position: center;background-repeat: no-repeat;background-size:cover;}&#8221; overlay_bg=&#8221;rgba(0, 0, 0, 0.65)&#8221;][vc_column][vc_custom_heading text=&#8221;Vacantes disponibles&#8221; font_container=&#8221;tag:h1|font_size:80px|text_align:left|color:%23ffffff|line_height:1.5em&#8221; css=&#8221;.vc_custom_1602449968035{padding-top: 130px !important;padding-bottom: 80px !important;}&#8221;][\/vc_column][\/vc_row][vc_row content_placement=&#8221;middle&#8221; css=&#8221;.vc_custom_1598757401554{background-color: #eeeeee !important;border-radius: 1px !important;}&#8221;][vc_column align=&#8221;text-left&#8221;]<style>.ld_custom_menu_69fe2d8f004c9 > li > a{font-size:14px;line-height:1.5 em;text-transform:uppercase;}.ld_custom_menu_69fe2d8f004c9 li + li{margin-left:24px;}.ld_custom_menu_69fe2d8f004c9 > li > a:hover, .ld_custom_menu_69fe2d8f004c9 ul > li > a:hover, .ld_custom_menu_69fe2d8f004c9 li.is-active > a, .ld_custom_menu_69fe2d8f004c9 li.current-menu-item > a{color:rgb(254, 87, 68);}.ld_custom_menu_69fe2d8f004c9 > li > a, .ld_custom_menu_69fe2d8f004c9 ul > li > a{background:rgba(255, 255, 255, 0);}<\/style>\n\t<ul class=\"lqd-custom-menu reset-ul inline-nav menu-items-have-fill ld_custom_menu_69fe2d8f004c9\" id=\"ld_custom_menu_69fe2d8f004c9\">\n\t<li><a href=\"http:\/\/www.gqualcampaign.org\/old\/comunidad\/\" target=\"_self\">Comunidad<\/a><\/li><li><a href=\"http:\/\/www.gqualcampaign.org\/old\/la-campana\/bolsa-de-trabajo-gqual\/\" target=\"_self\">Vacantes disponibles<\/a><\/li><li><a href=\"http:\/\/www.gqualcampaign.org\/old\/agenda-eventos\/\" target=\"_self\">Agenda y eventos<\/a><\/li><li><a href=\"http:\/\/www.gqualcampaign.org\/old\/suscribirse\/\" target=\"_self\">Newsletter<\/a><\/li>\t<\/ul>\n[\/vc_column][\/vc_row][vc_row][vc_column][vc_column_text css=&#8221;.vc_custom_1657381271208{padding-top: 80px !important;}&#8221;]<\/p>\n<p><span style=\"font-weight: 400;\">Uno de los obst\u00e1culos para el acceso a las posiciones internacionales en tribunales y cuerpos de monitoreo es la poca informaci\u00f3n que existe sobre las vacantes y los procesos de selecci\u00f3n. Para contribuir a superar este d\u00e9ficit de informaci\u00f3n desde GQUAL alertamos sobre los puestos disponibles en el \u00e1mbito internacional. #CambiemosLaFoto<\/span><\/p>\n<h4><!-- \/wp:paragraph --><\/h4>\n<p><!-- wp:paragraph --><strong>Elecciones\u00a0previstas para el 2022\/2023<\/strong><\/p>\n<p><iframe loading=\"lazy\" style=\"border: 0;\" src=\"https:\/\/datastudio.google.com\/embed\/reporting\/e0f7fa80-b675-4eba-be26-f36a96eaf10c\/page\/vw6lB\" width=\"1400\" height=\"700\" frameborder=\"0\" allowfullscreen=\"allowfullscreen\"><\/iframe><\/p>\n<p>[\/vc_column_text][\/vc_column][\/vc_row]<\/p>\n<\/section>","protected":false},"excerpt":{"rendered":"<p>[vc_row content_placement=&#8221;middle&#8221; parallax=&#8221;enable_parallax&#8221; enable_overlay=&#8221;yes&#8221; css=&#8221;.vc_custom_1598806184004{background-image: url(http:\/\/www.gqualcampaign.org\/old\/wp-content\/uploads\/2020\/08\/GQUAL-lanzamiento-de-la-campan\u0303a-scaled.jpg?id=7291) !important;background-position: center;background-repeat: no-repeat;background-size:cover;}&#8221; overlay_bg=&#8221;rgba(0, 0, 0, 0.65)&#8221;][vc_column][vc_custom_heading text=&#8221;Vacantes disponibles&#8221;&#8230;<\/p>\n","protected":false},"author":1,"featured_media":0,"parent":7368,"menu_order":0,"comment_status":"closed","ping_status":"open","template":"","meta":[],"_links":{"self":[{"href":"https:\/\/www.gqualcampaign.org\/old\/wp-json\/wp\/v2\/pages\/902"}],"collection":[{"href":"https:\/\/www.gqualcampaign.org\/old\/wp-json\/wp\/v2\/pages"}],"about":[{"href":"https:\/\/www.gqualcampaign.org\/old\/wp-json\/wp\/v2\/types\/page"}],"author":[{"embeddable":true,"href":"https:\/\/www.gqualcampaign.org\/old\/wp-json\/wp\/v2\/users\/1"}],"replies":[{"embeddable":true,"href":"https:\/\/www.gqualcampaign.org\/old\/wp-json\/wp\/v2\/comments?post=902"}],"version-history":[{"count":10,"href":"https:\/\/www.gqualcampaign.org\/old\/wp-json\/wp\/v2\/pages\/902\/revisions"}],"predecessor-version":[{"id":8327,"href":"https:\/\/www.gqualcampaign.org\/old\/wp-json\/wp\/v2\/pages\/902\/revisions\/8327"}],"up":[{"embeddable":true,"href":"https:\/\/www.gqualcampaign.org\/old\/wp-json\/wp\/v2\/pages\/7368"}],"wp:attachment":[{"href":"https:\/\/www.gqualcampaign.org\/old\/wp-json\/wp\/v2\/media?parent=902"}],"curies":[{"name":"wp","href":"https:\/\/api.w.org\/{rel}","templated":true}]}}