{"id":9082,"date":"2022-12-12T22:21:21","date_gmt":"2022-12-12T22:21:21","guid":{"rendered":"https:\/\/www.gqualcampaign.org\/old\/?page_id=9082"},"modified":"2022-12-13T16:16:56","modified_gmt":"2022-12-13T16:16:56","slug":"el-gqual-ranking-2022","status":"publish","type":"page","link":"https:\/\/www.gqualcampaign.org\/old\/el-gqual-ranking-2022\/","title":{"rendered":"El GQUAL Ranking 2022"},"content":{"rendered":"<section class=\"wpb-content-wrapper\"><p>[vc_row content_placement=&#8221;middle&#8221; parallax=&#8221;enable_parallax&#8221; enable_overlay=&#8221;yes&#8221; css=&#8221;.vc_custom_1598806184004{background-image: url(http:\/\/www.gqualcampaign.org\/old\/wp-content\/uploads\/2020\/08\/GQUAL-lanzamiento-de-la-campan\u0303a-scaled.jpg?id=7291) !important;background-position: center;background-repeat: no-repeat;background-size:cover;}&#8221; overlay_bg=&#8221;rgba(0, 0, 0, 0.65)&#8221;][vc_column][vc_custom_heading text=&#8221;GQUAL Ranking 2022&#8243; font_container=&#8221;tag:h1|font_size:80px|text_align:left|color:%23ffffff|line_height:1.5em&#8221; css=&#8221;.vc_custom_1670948206661{padding-top: 130px !important;padding-bottom: 80px !important;}&#8221;][\/vc_column][\/vc_row][vc_row][vc_column][vc_column_text]<\/p>\r\n<p><br \/><\/p>\r\n<div class=\"wp-block-image\">\r\n<figure class=\"aligncenter size-large is-resized\"><a href=\"http:\/\/www.gqualcampaign.org\/old\/wp-content\/uploads\/2022\/10\/Captura-de-Pantalla-2022-10-21-a-las-18.06.08.png\"><img decoding=\"async\" loading=\"lazy\" class=\"wp-image-8983\" src=\"http:\/\/www.gqualcampaign.org\/old\/wp-content\/uploads\/2022\/10\/Captura-de-Pantalla-2022-10-21-a-las-18.06.08.png\" alt=\"\" width=\"315\" height=\"354\" srcset=\"https:\/\/www.gqualcampaign.org\/old\/wp-content\/uploads\/2022\/10\/Captura-de-Pantalla-2022-10-21-a-las-18.06.08.png 630w, https:\/\/www.gqualcampaign.org\/old\/wp-content\/uploads\/2022\/10\/Captura-de-Pantalla-2022-10-21-a-las-18.06.08-267x300.png 267w\" sizes=\"(max-width: 315px) 100vw, 315px\" \/><\/a><\/figure>\r\n<\/div>\r\n<p>\r\n\r\nAnualmente, GQUAL publica el siguiente ranking, el cual muestra los pa\u00edses que tienen expertos y expertas nacionales ejerciendo funciones en puestos de\u00a0<strong>\u00f3rganos internacionales monitoreados<\/strong>\u00a0por la campa\u00f1a, y cual es el balance de g\u00e9nero de esa representaci\u00f3n.<\/p>\r\n<p>\r\n\r\nEl Ranking no refleja de forma completa el r\u00e9cord de g\u00e9nero de cada pa\u00eds en este \u00e1mbito. Al mostrar solamente los puestos electos, el ranking no refleja las nominaciones que pudieron haber impulsado los Estados y que no resultaron en puestos electos. Por otro lado, el\u00a0<strong>ranking incluye puestos electos<\/strong>\u00a0que no son resultados de nominaciones estatales, como es el caso de las\u00a0<strong>Relator\u00edas Especiales y Grupos de Trabajo<\/strong>\u00a0del Consejo de Derechos Humanos de Naciones Unidas donde las personas pueden presentar de forma directa su candidatura, sin necesidad de una nominaci\u00f3n estatal.<\/p>\r\n<p>\r\n\r\nSin perjuicio de eso, el ranking nos arroja informaci\u00f3n muy valiosa para\u00a0<strong>identificar tendencias<\/strong>, tanto en las pr\u00e1cticas de nominaci\u00f3n de los pa\u00edses y de las distintas regiones, como en sus r\u00e9cord de representaci\u00f3n.<\/p>\r\n<p>\r\n\r\nGQUAL promueve que los Estados desarrollen\u00a0<strong>procesos de nominaci\u00f3n y pol\u00edticas de votaci\u00f3n<\/strong>\u00a0que incluyan a la\u00a0<strong>paridad de g\u00e9nero y la representaci\u00f3n<\/strong>\u00a0como criterios, por lo que nos interesa monitorear cu\u00e1nto estas tendencias reflejan esa aspiraci\u00f3n. Asimismo, creemos que el ranking resulta una\u00a0<strong>herramienta \u00fatil y complementaria<\/strong>\u00a0al an\u00e1lisis de la desagregaci\u00f3n por g\u00e9nero en la composici\u00f3n de los distintos \u00f3rganos, que tambi\u00e9n sistematiza GQUAL y que se encuentra disponible\u00a0<a href=\"https:\/\/www.gqualcampaign.org\/old\/composicion-actual\/\" target=\"_blank\" rel=\"noreferrer noopener\">ac\u00e1<\/a>.<\/p>\r\n<p><br \/><br \/><br \/><\/p>\r\n<h2 class=\"wp-block-heading\"><strong>GQUAL Ranking Mundial<\/strong><\/h2>\r\n<p>\r\n\r\nNuestro Ranking Mundial clasifica a\u00a0<strong>los pa\u00edses que cuentan con m\u00e1s de una persona<\/strong>\u00a0nacional electa en\u00a0<strong>cargos internacionales<\/strong>\u00a0monitoreados por GQUAL, y desagrega esa representaci\u00f3n por g\u00e9nero.<\/p>\r\n<p><br \/><br \/><br \/><\/p>\r\n<div class=\"wp-block-image\">\r\n<figure class=\"aligncenter size-large\"><a href=\"http:\/\/www.gqualcampaign.org\/old\/wp-content\/uploads\/2022\/12\/Ranking-MUNDIAL-2022-esp.png\"><img decoding=\"async\" loading=\"lazy\" width=\"1024\" height=\"724\" class=\"wp-image-9083\" src=\"http:\/\/www.gqualcampaign.org\/old\/wp-content\/uploads\/2022\/12\/Ranking-MUNDIAL-2022-esp-1024x724.png\" alt=\"\" srcset=\"https:\/\/www.gqualcampaign.org\/old\/wp-content\/uploads\/2022\/12\/Ranking-MUNDIAL-2022-esp-1024x724.png 1024w, https:\/\/www.gqualcampaign.org\/old\/wp-content\/uploads\/2022\/12\/Ranking-MUNDIAL-2022-esp-300x212.png 300w\" sizes=\"(max-width: 1024px) 100vw, 1024px\" \/><\/a><\/figure>\r\n<\/div>\r\n<p><br \/><\/p>\r\n<div class=\"wp-block-buttons is-layout-flex\">\r\n<div class=\"wp-block-button\"><a class=\"wp-block-button__link has-background\" style=\"background-color: #fe5744;\" href=\"https:\/\/gqualcampaign.org\/wp-content\/uploads\/2022\/11\/Ranking-MUNDIAL-2022-esp.pdf\" target=\"_blank\" rel=\"noreferrer noopener\">Descargar Ranking Mundial<\/a><\/div>\r\n<p><\/p>\r\n<\/div>\r\n<p><br \/><br \/><br \/><\/p>\r\n<h2 class=\"wp-block-heading\">GQUAL Ranking Regional 2022<\/h2>\r\n<p><br \/><br \/><\/p>\r\n<p>El Ranking de Grupos Regionales clasifica a los pa\u00edses seg\u00fan los\u00a0<strong>5 Grupos Regionales de Naciones Unidas<\/strong>\u00a0y en funci\u00f3n del\u00a0<strong>porcentaje de mujeres nacionales<\/strong>\u00a0de cada grupo que ocupan puestos en cuerpos internacionales monitoreados por GQUAL.<\/p>\r\n<p><br \/><\/p>\r\n<div class=\"wp-block-image\">\r\n<figure class=\"aligncenter size-large\"><a href=\"http:\/\/www.gqualcampaign.org\/old\/wp-content\/uploads\/2022\/12\/Ranking-Regional-Final-Espan\u0303ol-200.png\"><img decoding=\"async\" loading=\"lazy\" width=\"1024\" height=\"742\" class=\"wp-image-9084\" src=\"http:\/\/www.gqualcampaign.org\/old\/wp-content\/uploads\/2022\/12\/Ranking-Regional-Final-Espan\u0303ol-200-1024x742.png\" alt=\"\" srcset=\"https:\/\/www.gqualcampaign.org\/old\/wp-content\/uploads\/2022\/12\/Ranking-Regional-Final-Espan\u0303ol-200-1024x742.png 1024w, https:\/\/www.gqualcampaign.org\/old\/wp-content\/uploads\/2022\/12\/Ranking-Regional-Final-Espan\u0303ol-200-300x218.png 300w, https:\/\/www.gqualcampaign.org\/old\/wp-content\/uploads\/2022\/12\/Ranking-Regional-Final-Espan\u0303ol-200.png 1575w\" sizes=\"(max-width: 1024px) 100vw, 1024px\" \/><\/a><\/figure>\r\n<\/div>\r\n<p><br \/><\/p>\r\n<div class=\"wp-block-buttons is-layout-flex\">\r\n<div class=\"wp-block-button\"><a class=\"wp-block-button__link has-background\" style=\"background-color: #4cd3b9;\" href=\"https:\/\/gqualcampaign.org\/wp-content\/uploads\/2022\/10\/Ranking-Regional-Esp.pdf\" target=\"_blank\" rel=\"noreferrer noopener\"><strong>Descargar Ranking Regional<\/strong><\/a><\/div>\r\n<p><\/p>\r\n<\/div>\r\n<p><br \/><br \/><br \/><\/p>\r\n<h2 class=\"wp-block-heading\">GQUAL Ranking OEA 2022<\/h2>\r\n<p>\r\n\r\nEl Ranking de la OEA clasifica a los Estados Miembros de la Organizaci\u00f3n de los Estados Americanos (OEA) en funci\u00f3n del\u00a0<strong>porcentaje de mujeres nacionales de cada pa\u00eds<\/strong>\u00a0que ocupan cargos en \u00f3rganos internacionales monitoreados por GQUAL.<\/p>\r\n<p>\r\n\r\nLa infograf\u00eda destaca los\u00a0<strong>pa\u00edses que cuentan con m\u00e1s de una persona<\/strong>\u00a0a nivel internacional, pero identifica tambi\u00e9n aquellos pa\u00edses que\u00a0<strong>s\u00f3lo tienen una persona\u00a0<\/strong>nacional en cargos internacionales o que, al momento de elaborar el Ranking, no contaban con ninguna persona.<\/p>\r\n<p><br \/><\/p>\r\n<figure class=\"wp-block-image size-large\"><a href=\"http:\/\/www.gqualcampaign.org\/old\/wp-content\/uploads\/2022\/12\/OEA-FINAL-200.png\"><img decoding=\"async\" loading=\"lazy\" width=\"862\" height=\"1024\" class=\"wp-image-9085\" src=\"http:\/\/www.gqualcampaign.org\/old\/wp-content\/uploads\/2022\/12\/OEA-FINAL-200-862x1024.png\" alt=\"\" srcset=\"https:\/\/www.gqualcampaign.org\/old\/wp-content\/uploads\/2022\/12\/OEA-FINAL-200-862x1024.png 862w, https:\/\/www.gqualcampaign.org\/old\/wp-content\/uploads\/2022\/12\/OEA-FINAL-200-253x300.png 253w, https:\/\/www.gqualcampaign.org\/old\/wp-content\/uploads\/2022\/12\/OEA-FINAL-200.png 1575w\" sizes=\"(max-width: 862px) 100vw, 862px\" \/><\/a><\/figure>\r\n<p><br \/><\/p>\r\n<div class=\"wp-block-buttons is-layout-flex\">\r\n<div class=\"wp-block-button\"><a class=\"wp-block-button__link has-background\" style=\"background-color: #18a1b7;\" href=\"https:\/\/gqualcampaign.org\/wp-content\/uploads\/2022\/11\/Ranking-OEA-esp.pdf\" target=\"_blank\" rel=\"noreferrer noopener\"><strong>Descargar Ranking OEA<\/strong><\/a><\/div>\r\n<p><\/p>\r\n<\/div>\r\n<p><br \/><\/p>\r\n<div class=\"wp-block-spacer\" style=\"height: 19px;\" aria-hidden=\"true\">\u00a0<\/div>\r\n<p><br \/><\/p>\r\n<p class=\"has-background has-medium-font-size\" style=\"background-color: #eeeeee;\"><strong>El GQUAL Ranking paso a paso:<\/strong><\/p>\r\n<p><br \/><\/p>\r\n<ul class=\"has-background\" style=\"background-color: #eeeeee;\">\r\n<li><strong>Paso 1:<\/strong>\u00a0actualizamos anualmente la composici\u00f3n de todos los organismos internacionales que monitoreamos con el objetivo de saber, no s\u00f3lo la composici\u00f3n total de integrantes de cada tribunal, comisi\u00f3n u \u00f3rgano, sino tambi\u00e9n su conformaci\u00f3n con base al g\u00e9nero.<\/li>\r\n<li><strong>Paso 2:<\/strong>\u00a0analizamos qui\u00e9nes son las personas por pa\u00eds que ocupan cada \u00f3rgano. Para esto tenemos en cuenta dos variables: el g\u00e9nero y su pa\u00eds de origen.<\/li>\r\n<li><strong>Paso 3:<\/strong>\u00a0clasificamos a los y las nacionales por pa\u00eds teniendo en cuenta el \u00f3rgano en el que ocupan vacantes. De esta forma es posible saber cu\u00e1ntos\/as nacionales participan de estos organismos y, adem\u00e1s, en qu\u00e9 puestos lo hacen.<\/li>\r\n<li><strong>Paso 4:<\/strong>\u00a0Con la informaci\u00f3n clasificada en estas tres etapas elaboramos el Ranking Mundial, un Ranking de Grupos Regionales y el Ranking de los pa\u00edses de la OEA.<\/li>\r\n<\/ul>\r\n<p><br \/><br \/><br \/><\/p>\r\n<h2 class=\"wp-block-heading\">Blogposts relacionados:<\/h2>\r\n<p>\r\n\r\n-Dra. Liliana Ronconi: <a href=\"https:\/\/www.gqualcampaign.org\/old\/la-importancia-de-los-datos-para-garantizar-la-igualdad-de-genero\/\" target=\"_blank\" rel=\"noreferrer noopener\" data-type=\"URL\" data-id=\"https:\/\/www.gqualcampaign.org\/old\/la-importancia-de-los-datos-para-garantizar-la-igualdad-de-genero\/\">La importancia de los datos para garantizar la igualdad de g\u00e9nero<\/a><\/p>\r\n<p><br \/>[\/vc_column_text][\/vc_column][\/vc_row]<\/p><\/section>","protected":false},"excerpt":{"rendered":"<p>[vc_row content_placement=&#8221;middle&#8221; parallax=&#8221;enable_parallax&#8221; enable_overlay=&#8221;yes&#8221; css=&#8221;.vc_custom_1598806184004{background-image: url(http:\/\/www.gqualcampaign.org\/old\/wp-content\/uploads\/2020\/08\/GQUAL-lanzamiento-de-la-campan\u0303a-scaled.jpg?id=7291) !important;background-position: center;background-repeat: no-repeat;background-size:cover;}&#8221; overlay_bg=&#8221;rgba(0, 0, 0, 0.65)&#8221;][vc_column][vc_custom_heading text=&#8221;GQUAL Ranking&#8230;<\/p>\n","protected":false},"author":1,"featured_media":9057,"parent":0,"menu_order":0,"comment_status":"closed","ping_status":"closed","template":"","meta":[],"_links":{"self":[{"href":"https:\/\/www.gqualcampaign.org\/old\/wp-json\/wp\/v2\/pages\/9082"}],"collection":[{"href":"https:\/\/www.gqualcampaign.org\/old\/wp-json\/wp\/v2\/pages"}],"about":[{"href":"https:\/\/www.gqualcampaign.org\/old\/wp-json\/wp\/v2\/types\/page"}],"author":[{"embeddable":true,"href":"https:\/\/www.gqualcampaign.org\/old\/wp-json\/wp\/v2\/users\/1"}],"replies":[{"embeddable":true,"href":"https:\/\/www.gqualcampaign.org\/old\/wp-json\/wp\/v2\/comments?post=9082"}],"version-history":[{"count":10,"href":"https:\/\/www.gqualcampaign.org\/old\/wp-json\/wp\/v2\/pages\/9082\/revisions"}],"predecessor-version":[{"id":9126,"href":"https:\/\/www.gqualcampaign.org\/old\/wp-json\/wp\/v2\/pages\/9082\/revisions\/9126"}],"wp:featuredmedia":[{"embeddable":true,"href":"https:\/\/www.gqualcampaign.org\/old\/wp-json\/wp\/v2\/media\/9057"}],"wp:attachment":[{"href":"https:\/\/www.gqualcampaign.org\/old\/wp-json\/wp\/v2\/media?parent=9082"}],"curies":[{"name":"wp","href":"https:\/\/api.w.org\/{rel}","templated":true}]}}