{"id":922,"date":"2015-05-10T22:37:20","date_gmt":"2015-05-10T22:37:20","guid":{"rendered":"http:\/\/www.gqualcampaign.org\/old\/?page_id=922"},"modified":"2015-09-21T17:50:39","modified_gmt":"2015-09-21T17:50:39","slug":"descargue-nuestro-manual-de-incidencia","status":"publish","type":"page","link":"https:\/\/www.gqualcampaign.org\/old\/descargue-nuestro-manual-de-incidencia\/","title":{"rendered":"Descargue nuestro manual de incidencia"},"content":{"rendered":"<h3 style=\"text-align: left;\"><a href=\"http:\/\/www.gqualcampaign.org\/old\/wp-content\/uploads\/2015\/09\/ACTION-KITxSP.pdf\" target=\"_blank\"><img decoding=\"async\" loading=\"lazy\" class=\"alignright wp-image-1435\" src=\"http:\/\/www.gqualcampaign.org\/old\/wp-content\/uploads\/2015\/05\/ACTION-KIT.jpg\" alt=\"ACTION KIT\" width=\"388\" height=\"252\" srcset=\"https:\/\/www.gqualcampaign.org\/old\/wp-content\/uploads\/2015\/05\/ACTION-KIT.jpg 776w, https:\/\/www.gqualcampaign.org\/old\/wp-content\/uploads\/2015\/05\/ACTION-KIT-300x195.jpg 300w\" sizes=\"(max-width: 388px) 100vw, 388px\" \/><\/a><span style=\"color: #33cccc;\">GQUAL<\/span> busca promover la paridad de g\u00e9nero en la representaci\u00f3n internacional en los tribunales regionales e internacionales, as\u00ed como en los \u00f3rganos de supervisi\u00f3n. El apoyo y acciones puntuales son esenciales para ayudar a incrementar el nivel de conciencia, ampliar la discusi\u00f3n y conseguir que los Estados desarrollen gu\u00edas y se comprometan p\u00fablicamente a garantizar la paridad en esas instituciones.<\/h3>\n<h3 style=\"text-align: left;\">Te ofrecemos el documento en espa<span class=\"st\" data-hveid=\"43\">\u00f1ol <\/span>de c\u00f3mo puedes apoyar GQUAL .<\/h3>\n<h3><span style=\"text-decoration: underline;\"><a href=\"http:\/\/te ofrecemos el documento de c\u00f3mo puedes apoyar GQUAL\" target=\"_blank\">Haz clic a la imagen para descargar el pdf!<\/a><\/span><\/h3>\n<h3 style=\"text-align: justify;\"><\/h3>\n","protected":false},"excerpt":{"rendered":"<p>GQUAL busca promover la paridad de g\u00e9nero en la representaci\u00f3n internacional en los tribunales regionales&#8230;<\/p>\n","protected":false},"author":1,"featured_media":0,"parent":0,"menu_order":0,"comment_status":"open","ping_status":"open","template":"","meta":[],"_links":{"self":[{"href":"https:\/\/www.gqualcampaign.org\/old\/wp-json\/wp\/v2\/pages\/922"}],"collection":[{"href":"https:\/\/www.gqualcampaign.org\/old\/wp-json\/wp\/v2\/pages"}],"about":[{"href":"https:\/\/www.gqualcampaign.org\/old\/wp-json\/wp\/v2\/types\/page"}],"author":[{"embeddable":true,"href":"https:\/\/www.gqualcampaign.org\/old\/wp-json\/wp\/v2\/users\/1"}],"replies":[{"embeddable":true,"href":"https:\/\/www.gqualcampaign.org\/old\/wp-json\/wp\/v2\/comments?post=922"}],"version-history":[{"count":6,"href":"https:\/\/www.gqualcampaign.org\/old\/wp-json\/wp\/v2\/pages\/922\/revisions"}],"predecessor-version":[{"id":1963,"href":"https:\/\/www.gqualcampaign.org\/old\/wp-json\/wp\/v2\/pages\/922\/revisions\/1963"}],"wp:attachment":[{"href":"https:\/\/www.gqualcampaign.org\/old\/wp-json\/wp\/v2\/media?parent=922"}],"curies":[{"name":"wp","href":"https:\/\/api.w.org\/{rel}","templated":true}]}}